{"id":537,"date":"2025-05-07T10:26:29","date_gmt":"2025-05-07T08:26:29","guid":{"rendered":"https:\/\/skargardssamarbetet.org\/this-is-nss-more-about-us\/"},"modified":"2025-12-09T12:26:34","modified_gmt":"2025-12-09T11:26:34","slug":"this-is-nss-more-about-us","status":"publish","type":"page","link":"https:\/\/skargardssamarbetet.org\/en\/this-is-nss-more-about-us\/","title":{"rendered":"This is NSS \u2013 more about us"},"content":{"rendered":"\n<h2 class=\"wp-block-heading\">Archipelago Cooperation \u2013 vibrant connections across our shared sea<\/h2>\n\n<p>The Nordic Archipelago Cooperation is a cross-border governmental collaboration covering the archipelago regions in Stockholm, Uppsala, S\u00f6dermanland, and \u00d6sterg\u00f6tland counties, the regions of Southwest Finland, Uusimaa, and Kymenlaakso, as well as \u00c5land. The coastal area stretches 800 km as the crow flies, and about 50,000 people live in the archipelago year-round. We hope this number will increase in the future.<\/p>\n\n<p>The organization works to increase cooperation between regions and countries within its area of operation and to maintain connections between coastal and archipelago areas. In addition, NSS organizes seminars and inspirational forums to highlight development needs or opportunities that both authorities and the private sector can pursue. Our focus is on contributing to greater knowledge about conditions in our archipelagos and coastal areas. We achieve this in various ways through active cross-sector engagement and by participating in the working groups of our cooperation partners.<\/p>\n\n<p><\/p>\n\n<h2 class=\"wp-block-heading\">Organization<\/h2>\n\n<p>The main authorities of the Archipelago Cooperation are the County Administrative Board of Stockholm, Region Stockholm, the Stockholm Archipelago Foundation, the County Administrative Board of Uppsala, Region S\u00f6dermanland, Region \u00d6sterg\u00f6tland, the \u00c5land archipelago municipalities of Br\u00e4nd\u00f6, F\u00f6gl\u00f6, Kumlinge, K\u00f6kar, Sottunga, and V\u00e5rd\u00f6, the Southwest Finland Council and the Southwest Finland ELY Centre, as well as the Uusimaa Council and the Uusimaa ELY (Centre for Economic Development, Transport and the Environment).<\/p>\n\n<h2 class=\"wp-block-heading\">Statutes <\/h2>\n\n<p>In 2018, new statutes were drafted and approved at the Council Meeting in 2019. The highest decision-making body of the Archipelago Cooperation is the Cooperation Council, whose decisions are implemented by the Cooperation Board and the Cooperation Director.<\/p>\n\n<p>Download our statutes NSS_stadgar_2019 (pdf)<\/p>\n\n<h2 class=\"wp-block-heading\">Map of all border committees<\/h2>\n\n<p>Below you can find Nordregio\u2019s map of all cooperating committees in the Nordic region.<\/p>\n\n<figure class=\"wp-block-image size-full\"><img loading=\"lazy\" decoding=\"async\" width=\"1920\" height=\"1080\" src=\"https:\/\/skargardssamarbetet.org\/wp-content\/uploads\/2025\/07\/karta.png\" alt=\"\" class=\"wp-image-245\" srcset=\"https:\/\/skargardssamarbetet.org\/wp-content\/uploads\/2025\/07\/karta.png 1920w, https:\/\/skargardssamarbetet.org\/wp-content\/uploads\/2025\/07\/karta-300x169.png 300w, https:\/\/skargardssamarbetet.org\/wp-content\/uploads\/2025\/07\/karta-1536x864.png 1536w, https:\/\/skargardssamarbetet.org\/wp-content\/uploads\/2025\/07\/karta-370x208.png 370w, https:\/\/skargardssamarbetet.org\/wp-content\/uploads\/2025\/07\/karta-1174x660.png 1174w, https:\/\/skargardssamarbetet.org\/wp-content\/uploads\/2025\/07\/karta-571x321.png 571w\" sizes=\"auto, (max-width: 1920px) 100vw, 1920px\" \/><\/figure>\n\n<h2 class=\"wp-block-heading\" id=\"nss_ar_en_granskommitte_&#x2013;_vad_betyder_det?\">NSS is a border committee \u2013 what does that mean?<\/h2>\n\n<p>The Nordic region has a unique cross-border cooperation. Border committees are the platforms that practically develop our areas in line with the Nordic strategic vision:<em><strong> the Nordic region as the world\u2019s most sustainable and integrated region by 2030<\/strong><\/em>. The Nordic region has 30 million inhabitants and the world\u2019s 11th largest economy.<\/p>\n\n<p>Cross-border cooperation in the Nordic region consists of 13 cross-border committees working in the border areas between Denmark, Sweden, Finland, and Norway.<\/p>\n\n<p>The border committees primarily work to promote the competitiveness of businesses in the border regions, identify and remove border obstacles, develop sustainable and climate-friendly environmental and energy solutions, improve infrastructure and communications relevant to the border areas, and manage land use in these regions.<\/p>\n\n<p>Contact for <a href=\"https:\/\/www.norden.org\/sv\/node\/70103\" target=\"_blank\" rel=\"noreferrer noopener\">gr\u00e4nskommitt\u00e9rna<\/a><\/p>\n\n<h2 class=\"wp-block-heading\" id=\"nordiska_ministerradet\">Nordic Council of Ministers<\/h2>\n\n<p>The Nordic Council of Ministers, founded in 1971, is the collaborative body for the governments of the Nordic countries and the self-governing territories. In the Council of Ministers, representatives of the national governments address matters that have been agreed upon jointly.<\/p>\n\n<p>The Council of Ministers follows the recommendations of the Nordic Council and reports to the Council on current political issues affecting the Nordic region. The Council of Ministers also initiates its own proposals. Overall responsibility for the Council of Ministers\u2019 activities lies with the prime ministers of the five Nordic countries. In practice, the work is led by the Nordic Cooperation Ministers and the Nordic Cooperation Committee.<\/p>\n\n<p>The new Secretary General in 2023 is Karen Ellemann; \u201cnow it is important that we join forces, identify where we can improve, and in this way strengthen Nordic cooperation.\u201d<\/p>\n\n<p>Get to know the NCM <a href=\"https:\/\/www.norden.org\/sv\/nordiska-ministerradet\">h\u00e4r.<\/a><\/p>\n\n<h2 class=\"wp-block-heading\" id=\"nordiska_radet\">Nordic Council<\/h2>\n\n<p>The Nordic Council, founded in 1952, is the forum for cooperation between parliamentarians and ministers.<\/p>\n\n<p><em><strong>The Nordic Council is unique in the world, as it is the only forum where parliamentarians from one country can question ministers from other countries and engage in political discussions with the governments of neighboring countries.<\/strong><\/em><\/p>\n\n<p>The Nordic Council has no formal power as an institution, but each government has the authority to implement the Council\u2019s decisions into its national legislation with parliamentary approval.<\/p>\n\n<p>The priorities are on the Secretary General\u2019s desk in cooperation with the Nordic Council.<\/p>\n","protected":false},"excerpt":{"rendered":"<p>Archipelago Cooperation \u2013 vibrant connections across our shared sea The Nordic Archipelago Cooperation is a cross-border governmental collaboration covering the archipelago regions in Stockholm, Uppsala, S\u00f6dermanland, and \u00d6sterg\u00f6tland counties, the regions of Southwest Finland, Uusimaa, and Kymenlaakso, as well as \u00c5land. The coastal area stretches 800 km as the crow flies, and about 50,000 people [&hellip;]<\/p>\n","protected":false},"author":1,"featured_media":0,"parent":0,"menu_order":0,"comment_status":"closed","ping_status":"closed","template":"","meta":{"_acf_changed":false,"footnotes":""},"class_list":["post-537","page","type-page","status-publish","hentry"],"acf":[],"yoast_head":"<!-- This site is optimized with the Yoast SEO plugin v27.2 - https:\/\/yoast.com\/product\/yoast-seo-wordpress\/ -->\n<title>This is NSS \u2013 more about us - Nordiska Sk\u00e4rg\u00e5rdssamarbetet<\/title>\n<meta name=\"robots\" content=\"index, follow, max-snippet:-1, max-image-preview:large, max-video-preview:-1\" \/>\n<link rel=\"canonical\" href=\"https:\/\/skargardssamarbetet.org\/en\/this-is-nss-more-about-us\/\" \/>\n<meta property=\"og:locale\" content=\"en_US\" \/>\n<meta property=\"og:type\" content=\"article\" \/>\n<meta property=\"og:title\" content=\"This is NSS \u2013 more about us - Nordiska Sk\u00e4rg\u00e5rdssamarbetet\" \/>\n<meta property=\"og:description\" content=\"Archipelago Cooperation \u2013 vibrant connections across our shared sea The Nordic Archipelago Cooperation is a cross-border governmental collaboration covering the archipelago regions in Stockholm, Uppsala, S\u00f6dermanland, and \u00d6sterg\u00f6tland counties, the regions of Southwest Finland, Uusimaa, and Kymenlaakso, as well as \u00c5land. The coastal area stretches 800 km as the crow flies, and about 50,000 people [&hellip;]\" \/>\n<meta property=\"og:url\" content=\"https:\/\/skargardssamarbetet.org\/en\/this-is-nss-more-about-us\/\" \/>\n<meta property=\"og:site_name\" content=\"Nordiska Sk\u00e4rg\u00e5rdssamarbetet\" \/>\n<meta property=\"article:modified_time\" content=\"2025-12-09T11:26:34+00:00\" \/>\n<meta property=\"og:image\" content=\"https:\/\/skargardssamarbetet.org\/wp-content\/uploads\/2025\/07\/karta.png\" \/>\n\t<meta property=\"og:image:width\" content=\"1920\" \/>\n\t<meta property=\"og:image:height\" content=\"1080\" \/>\n\t<meta property=\"og:image:type\" content=\"image\/png\" \/>\n<meta name=\"twitter:card\" content=\"summary_large_image\" \/>\n<meta name=\"twitter:label1\" content=\"Est. reading time\" \/>\n\t<meta name=\"twitter:data1\" content=\"3 minutes\" \/>\n<script type=\"application\/ld+json\" class=\"yoast-schema-graph\">{\"@context\":\"https:\/\/schema.org\",\"@graph\":[{\"@type\":\"WebPage\",\"@id\":\"https:\/\/skargardssamarbetet.org\/en\/this-is-nss-more-about-us\/\",\"url\":\"https:\/\/skargardssamarbetet.org\/en\/this-is-nss-more-about-us\/\",\"name\":\"This is NSS \u2013 more about us - Nordiska Sk\u00e4rg\u00e5rdssamarbetet\",\"isPartOf\":{\"@id\":\"https:\/\/skargardssamarbetet.org\/#website\"},\"primaryImageOfPage\":{\"@id\":\"https:\/\/skargardssamarbetet.org\/en\/this-is-nss-more-about-us\/#primaryimage\"},\"image\":{\"@id\":\"https:\/\/skargardssamarbetet.org\/en\/this-is-nss-more-about-us\/#primaryimage\"},\"thumbnailUrl\":\"https:\/\/skargardssamarbetet.org\/wp-content\/uploads\/2025\/07\/karta.png\",\"datePublished\":\"2025-05-07T08:26:29+00:00\",\"dateModified\":\"2025-12-09T11:26:34+00:00\",\"breadcrumb\":{\"@id\":\"https:\/\/skargardssamarbetet.org\/en\/this-is-nss-more-about-us\/#breadcrumb\"},\"inLanguage\":\"en-US\",\"potentialAction\":[{\"@type\":\"ReadAction\",\"target\":[\"https:\/\/skargardssamarbetet.org\/en\/this-is-nss-more-about-us\/\"]}]},{\"@type\":\"ImageObject\",\"inLanguage\":\"en-US\",\"@id\":\"https:\/\/skargardssamarbetet.org\/en\/this-is-nss-more-about-us\/#primaryimage\",\"url\":\"https:\/\/skargardssamarbetet.org\/wp-content\/uploads\/2025\/07\/karta.png\",\"contentUrl\":\"https:\/\/skargardssamarbetet.org\/wp-content\/uploads\/2025\/07\/karta.png\"},{\"@type\":\"BreadcrumbList\",\"@id\":\"https:\/\/skargardssamarbetet.org\/en\/this-is-nss-more-about-us\/#breadcrumb\",\"itemListElement\":[{\"@type\":\"ListItem\",\"position\":1,\"name\":\"Home\",\"item\":\"https:\/\/skargardssamarbetet.org\/en\/\"},{\"@type\":\"ListItem\",\"position\":2,\"name\":\"This is NSS \u2013 more about us\"}]},{\"@type\":\"WebSite\",\"@id\":\"https:\/\/skargardssamarbetet.org\/#website\",\"url\":\"https:\/\/skargardssamarbetet.org\/\",\"name\":\"Nordiska Sk\u00e4rg\u00e5rdssamarbetet\",\"description\":\"\",\"potentialAction\":[{\"@type\":\"SearchAction\",\"target\":{\"@type\":\"EntryPoint\",\"urlTemplate\":\"https:\/\/skargardssamarbetet.org\/?s={search_term_string}\"},\"query-input\":{\"@type\":\"PropertyValueSpecification\",\"valueRequired\":true,\"valueName\":\"search_term_string\"}}],\"inLanguage\":\"en-US\"}]}<\/script>\n<!-- \/ Yoast SEO plugin. -->","yoast_head_json":{"title":"This is NSS \u2013 more about us - Nordiska Sk\u00e4rg\u00e5rdssamarbetet","robots":{"index":"index","follow":"follow","max-snippet":"max-snippet:-1","max-image-preview":"max-image-preview:large","max-video-preview":"max-video-preview:-1"},"canonical":"https:\/\/skargardssamarbetet.org\/en\/this-is-nss-more-about-us\/","og_locale":"en_US","og_type":"article","og_title":"This is NSS \u2013 more about us - Nordiska Sk\u00e4rg\u00e5rdssamarbetet","og_description":"Archipelago Cooperation \u2013 vibrant connections across our shared sea The Nordic Archipelago Cooperation is a cross-border governmental collaboration covering the archipelago regions in Stockholm, Uppsala, S\u00f6dermanland, and \u00d6sterg\u00f6tland counties, the regions of Southwest Finland, Uusimaa, and Kymenlaakso, as well as \u00c5land. The coastal area stretches 800 km as the crow flies, and about 50,000 people [&hellip;]","og_url":"https:\/\/skargardssamarbetet.org\/en\/this-is-nss-more-about-us\/","og_site_name":"Nordiska Sk\u00e4rg\u00e5rdssamarbetet","article_modified_time":"2025-12-09T11:26:34+00:00","og_image":[{"width":1920,"height":1080,"url":"https:\/\/skargardssamarbetet.org\/wp-content\/uploads\/2025\/07\/karta.png","type":"image\/png"}],"twitter_card":"summary_large_image","twitter_misc":{"Est. reading time":"3 minutes"},"schema":{"@context":"https:\/\/schema.org","@graph":[{"@type":"WebPage","@id":"https:\/\/skargardssamarbetet.org\/en\/this-is-nss-more-about-us\/","url":"https:\/\/skargardssamarbetet.org\/en\/this-is-nss-more-about-us\/","name":"This is NSS \u2013 more about us - Nordiska Sk\u00e4rg\u00e5rdssamarbetet","isPartOf":{"@id":"https:\/\/skargardssamarbetet.org\/#website"},"primaryImageOfPage":{"@id":"https:\/\/skargardssamarbetet.org\/en\/this-is-nss-more-about-us\/#primaryimage"},"image":{"@id":"https:\/\/skargardssamarbetet.org\/en\/this-is-nss-more-about-us\/#primaryimage"},"thumbnailUrl":"https:\/\/skargardssamarbetet.org\/wp-content\/uploads\/2025\/07\/karta.png","datePublished":"2025-05-07T08:26:29+00:00","dateModified":"2025-12-09T11:26:34+00:00","breadcrumb":{"@id":"https:\/\/skargardssamarbetet.org\/en\/this-is-nss-more-about-us\/#breadcrumb"},"inLanguage":"en-US","potentialAction":[{"@type":"ReadAction","target":["https:\/\/skargardssamarbetet.org\/en\/this-is-nss-more-about-us\/"]}]},{"@type":"ImageObject","inLanguage":"en-US","@id":"https:\/\/skargardssamarbetet.org\/en\/this-is-nss-more-about-us\/#primaryimage","url":"https:\/\/skargardssamarbetet.org\/wp-content\/uploads\/2025\/07\/karta.png","contentUrl":"https:\/\/skargardssamarbetet.org\/wp-content\/uploads\/2025\/07\/karta.png"},{"@type":"BreadcrumbList","@id":"https:\/\/skargardssamarbetet.org\/en\/this-is-nss-more-about-us\/#breadcrumb","itemListElement":[{"@type":"ListItem","position":1,"name":"Home","item":"https:\/\/skargardssamarbetet.org\/en\/"},{"@type":"ListItem","position":2,"name":"This is NSS \u2013 more about us"}]},{"@type":"WebSite","@id":"https:\/\/skargardssamarbetet.org\/#website","url":"https:\/\/skargardssamarbetet.org\/","name":"Nordiska Sk\u00e4rg\u00e5rdssamarbetet","description":"","potentialAction":[{"@type":"SearchAction","target":{"@type":"EntryPoint","urlTemplate":"https:\/\/skargardssamarbetet.org\/?s={search_term_string}"},"query-input":{"@type":"PropertyValueSpecification","valueRequired":true,"valueName":"search_term_string"}}],"inLanguage":"en-US"}]}},"_links":{"self":[{"href":"https:\/\/skargardssamarbetet.org\/en\/wp-json\/wp\/v2\/pages\/537","targetHints":{"allow":["GET"]}}],"collection":[{"href":"https:\/\/skargardssamarbetet.org\/en\/wp-json\/wp\/v2\/pages"}],"about":[{"href":"https:\/\/skargardssamarbetet.org\/en\/wp-json\/wp\/v2\/types\/page"}],"author":[{"embeddable":true,"href":"https:\/\/skargardssamarbetet.org\/en\/wp-json\/wp\/v2\/users\/1"}],"replies":[{"embeddable":true,"href":"https:\/\/skargardssamarbetet.org\/en\/wp-json\/wp\/v2\/comments?post=537"}],"version-history":[{"count":1,"href":"https:\/\/skargardssamarbetet.org\/en\/wp-json\/wp\/v2\/pages\/537\/revisions"}],"predecessor-version":[{"id":539,"href":"https:\/\/skargardssamarbetet.org\/en\/wp-json\/wp\/v2\/pages\/537\/revisions\/539"}],"wp:attachment":[{"href":"https:\/\/skargardssamarbetet.org\/en\/wp-json\/wp\/v2\/media?parent=537"}],"curies":[{"name":"wp","href":"https:\/\/api.w.org\/{rel}","templated":true}]}}