{"id":546,"date":"2025-05-19T15:16:06","date_gmt":"2025-05-19T13:16:06","guid":{"rendered":"https:\/\/skargardssamarbetet.org\/this-is-nss-more-about-us\/cooperation-council\/"},"modified":"2025-12-09T12:41:41","modified_gmt":"2025-12-09T11:41:41","slug":"cooperation-council","status":"publish","type":"page","link":"https:\/\/skargardssamarbetet.org\/en\/this-is-nss-more-about-us\/cooperation-council\/","title":{"rendered":"Cooperation Council"},"content":{"rendered":"\n<p>The highest decision-making body of the Nordic Archipelago Cooperation is the Cooperation Council. The Cooperation Council consists of a maximum of 21 members, with up to seven from each of the three subregions.<\/p>\n\n<p>The Council\u2019s term follows the terms of the bodies that appoint its representatives.<br data-start=\"98\" data-end=\"101\" data-is-only-node=\"\"\/>The Council shall hold at least one regular meeting per year.<\/p>\n\n<p>You can find the minutes from the Council meetings here.<\/p>\n\n<figure class=\"wp-block-image size-large\"><img loading=\"lazy\" decoding=\"async\" width=\"1024\" height=\"768\" src=\"https:\/\/skargardssamarbetet.org\/wp-content\/uploads\/2025\/05\/nss-styrelsemote-pa-brando-egts-1024x768.jpg\" alt=\"\" class=\"wp-image-53\" srcset=\"https:\/\/skargardssamarbetet.org\/wp-content\/uploads\/2025\/05\/nss-styrelsemote-pa-brando-egts-1024x768.jpg 1024w, https:\/\/skargardssamarbetet.org\/wp-content\/uploads\/2025\/05\/nss-styrelsemote-pa-brando-egts-300x225.jpg 300w, https:\/\/skargardssamarbetet.org\/wp-content\/uploads\/2025\/05\/nss-styrelsemote-pa-brando-egts-768x576.jpg 768w, https:\/\/skargardssamarbetet.org\/wp-content\/uploads\/2025\/05\/nss-styrelsemote-pa-brando-egts-1536x1152.jpg 1536w, https:\/\/skargardssamarbetet.org\/wp-content\/uploads\/2025\/05\/nss-styrelsemote-pa-brando-egts.jpg 2048w\" sizes=\"auto, (max-width: 1024px) 100vw, 1024px\" \/><\/figure>\n\n<h2 class=\"wp-block-heading\">Members of the Cooperation Council 2025<\/h2>\n\n<p class=\"has-vivid-cyan-blue-background-color has-background has-medium-font-size\"><strong>SVERIGE<\/strong><\/p>\n\n<figure class=\"wp-block-table\"><table class=\"has-fixed-layout\"><thead><tr><th>ORDINARY MEMBER<\/th><th>DEPUTY MEMBER<\/th><\/tr><\/thead><tbody><tr><td><strong><em>L\u00e4nsstyrelsen i Stockholm<\/em><\/strong><\/td><td><\/td><\/tr><tr><td>Governor N.N.<\/td><td>1a Anna Conzen<\/td><\/tr><tr><td><\/td><td>2a Linda B\u00f6rjesson<\/td><\/tr><tr><td><\/td><td>3e Patrik Cederl\u00f6f<\/td><\/tr><tr><td><strong><em>Region Stockholm<\/em><\/strong><\/td><td><\/td><\/tr><tr><td>Harry Bouveng<\/td><td>Marie Bladholm<\/td><\/tr><tr><td>Anders Garst\u00e5l<\/td><td>Robert Johansson<\/td><\/tr><tr><td>M\u00e4rta Martin-Granlund\u00a0<\/td><td>Mats Abrahamssons\u00a0<\/td><\/tr><tr><td><strong><em>Sk\u00e4rg\u00e5rdsstiftelsen i Stockholms l\u00e4n<\/em><\/strong><\/td><td><\/td><\/tr><tr><td>Jan Zetterman<\/td><td>Ulrika Palmblad-Wennergren<\/td><\/tr><tr><td><strong><em>L\u00e4nsstyrelsen i\u00a0 Uppsala<\/em><\/strong><\/td><td><\/td><\/tr><tr><td>Stefan Attefall<\/td><td>Cecilia Magnusson<\/td><\/tr><tr><td><\/td><td>2a: ers\u00e4ttare: Michael Persson<\/td><\/tr><tr><td><strong><em>Region S\u00f6rmland<\/em><\/strong><\/td><td><\/td><\/tr><tr><td>Ann-Cathrin Rothlind<\/td><td>Linus Fogel<\/td><\/tr><tr><td><strong><em>Region \u00d6sterg\u00f6tland<\/em><\/strong><\/td><td><\/td><\/tr><tr><td>Anette Olsson<\/td><td>Jan-Owe Larsson<\/td><\/tr><\/tbody><\/table><\/figure>\n\n<p class=\"has-vivid-cyan-blue-background-color has-background has-medium-font-size\"><strong>\u00c5LAND<\/strong><\/p>\n\n<figure class=\"wp-block-table\"><table class=\"has-fixed-layout\"><tbody><tr><td><strong><em>\u00c5land<\/em><\/strong><\/td><td><\/td><\/tr><tr><td>Mia Hanstr\u00f6m<\/td><td>Johan Sandberg<\/td><\/tr><tr><td><strong><em>\u00c5lands sk\u00e4rg\u00e5rdskommuner<\/em><\/strong><\/td><td><\/td><\/tr><tr><td>Niclas Karlsson<\/td><td>Andreas Henriksson<\/td><\/tr><tr><td>Mikael Lindholm<\/td><td>John Wrede<\/td><\/tr><tr><td>Kennet Lundstr\u00f6m<\/td><td>Gun-Mari Lindholm<\/td><\/tr><\/tbody><\/table><\/figure>\n\n<p class=\"has-vivid-cyan-blue-background-color has-background has-medium-font-size\"><strong>FINLAND<\/strong><\/p>\n\n<figure class=\"wp-block-table\"><table class=\"has-fixed-layout\"><tbody><tr><td><strong><em>Egentliga Finland<\/em><\/strong><\/td><td><\/td><\/tr><tr><td>Jyri Arponen<\/td><td>Sonja Palhus<\/td><\/tr><tr><td>Erik Lund<\/td><td>Sven Ivars<\/td><\/tr><tr><td>Tommy Bj\u00f6rkskog<\/td><td>Tiina Rinne-Kyl\u00e4np\u00e4\u00e4\u00a0<\/td><\/tr><tr><td>Benjamin Donner<\/td><td>Laura Wickstr\u00f6m\u00a0<\/td><\/tr><tr><td><strong><em>Nylands F\u00f6rbund<\/em><\/strong><\/td><td><\/td><\/tr><tr><td>Tuija Tel\u00e9n<\/td><td>Janne Tamminen<\/td><\/tr><tr><td><strong><em>Egentliga Finlands NTM-central<\/em><\/strong><\/td><td><\/td><\/tr><tr><td>NN<\/td><td>NN<\/td><\/tr><tr><td><strong><em>Nylands NTM-central<\/em><\/strong><\/td><td><\/td><\/tr><tr><td>NN<\/td><td>NN<\/td><\/tr><tr><td><strong><em>Kymmenedalens F\u00f6rbund<\/em><\/strong><\/td><td><\/td><\/tr><tr><td>Jaakko Mikkkola<\/td><td>Petri Tolmunen<\/td><\/tr><\/tbody><\/table><\/figure>\n","protected":false},"excerpt":{"rendered":"<p>The highest decision-making body of the Nordic Archipelago Cooperation is the Cooperation Council. The Cooperation Council consists of a maximum of 21 members, with up to seven from each of the three subregions. The Council\u2019s term follows the terms of the bodies that appoint its representatives.The Council shall hold at least one regular meeting per [&hellip;]<\/p>\n","protected":false},"author":1,"featured_media":0,"parent":537,"menu_order":0,"comment_status":"closed","ping_status":"closed","template":"","meta":{"_acf_changed":false,"footnotes":""},"class_list":["post-546","page","type-page","status-publish","hentry"],"acf":[],"yoast_head":"<!-- This site is optimized with the Yoast SEO plugin v27.2 - https:\/\/yoast.com\/product\/yoast-seo-wordpress\/ -->\n<title>Cooperation Council - Nordiska Sk\u00e4rg\u00e5rdssamarbetet<\/title>\n<meta name=\"robots\" content=\"index, follow, max-snippet:-1, max-image-preview:large, max-video-preview:-1\" \/>\n<link rel=\"canonical\" href=\"https:\/\/skargardssamarbetet.org\/en\/this-is-nss-more-about-us\/cooperation-council\/\" \/>\n<meta property=\"og:locale\" content=\"en_US\" \/>\n<meta property=\"og:type\" content=\"article\" \/>\n<meta property=\"og:title\" content=\"Cooperation Council - Nordiska Sk\u00e4rg\u00e5rdssamarbetet\" \/>\n<meta property=\"og:description\" content=\"The highest decision-making body of the Nordic Archipelago Cooperation is the Cooperation Council. The Cooperation Council consists of a maximum of 21 members, with up to seven from each of the three subregions. The Council\u2019s term follows the terms of the bodies that appoint its representatives.The Council shall hold at least one regular meeting per [&hellip;]\" \/>\n<meta property=\"og:url\" content=\"https:\/\/skargardssamarbetet.org\/en\/this-is-nss-more-about-us\/cooperation-council\/\" \/>\n<meta property=\"og:site_name\" content=\"Nordiska Sk\u00e4rg\u00e5rdssamarbetet\" \/>\n<meta property=\"article:modified_time\" content=\"2025-12-09T11:41:41+00:00\" \/>\n<meta property=\"og:image\" content=\"https:\/\/skargardssamarbetet.org\/wp-content\/uploads\/2025\/05\/nss-styrelsemote-pa-brando-egts.jpg\" \/>\n\t<meta property=\"og:image:width\" content=\"2048\" \/>\n\t<meta property=\"og:image:height\" content=\"1536\" \/>\n\t<meta property=\"og:image:type\" content=\"image\/jpeg\" \/>\n<meta name=\"twitter:card\" content=\"summary_large_image\" \/>\n<meta name=\"twitter:label1\" content=\"Est. reading time\" \/>\n\t<meta name=\"twitter:data1\" content=\"1 minute\" \/>\n<script type=\"application\/ld+json\" class=\"yoast-schema-graph\">{\"@context\":\"https:\/\/schema.org\",\"@graph\":[{\"@type\":\"WebPage\",\"@id\":\"https:\/\/skargardssamarbetet.org\/en\/this-is-nss-more-about-us\/cooperation-council\/\",\"url\":\"https:\/\/skargardssamarbetet.org\/en\/this-is-nss-more-about-us\/cooperation-council\/\",\"name\":\"Cooperation Council - Nordiska Sk\u00e4rg\u00e5rdssamarbetet\",\"isPartOf\":{\"@id\":\"https:\/\/skargardssamarbetet.org\/#website\"},\"primaryImageOfPage\":{\"@id\":\"https:\/\/skargardssamarbetet.org\/en\/this-is-nss-more-about-us\/cooperation-council\/#primaryimage\"},\"image\":{\"@id\":\"https:\/\/skargardssamarbetet.org\/en\/this-is-nss-more-about-us\/cooperation-council\/#primaryimage\"},\"thumbnailUrl\":\"https:\/\/skargardssamarbetet.org\/wp-content\/uploads\/2025\/05\/nss-styrelsemote-pa-brando-egts-1024x768.jpg\",\"datePublished\":\"2025-05-19T13:16:06+00:00\",\"dateModified\":\"2025-12-09T11:41:41+00:00\",\"breadcrumb\":{\"@id\":\"https:\/\/skargardssamarbetet.org\/en\/this-is-nss-more-about-us\/cooperation-council\/#breadcrumb\"},\"inLanguage\":\"en-US\",\"potentialAction\":[{\"@type\":\"ReadAction\",\"target\":[\"https:\/\/skargardssamarbetet.org\/en\/this-is-nss-more-about-us\/cooperation-council\/\"]}]},{\"@type\":\"ImageObject\",\"inLanguage\":\"en-US\",\"@id\":\"https:\/\/skargardssamarbetet.org\/en\/this-is-nss-more-about-us\/cooperation-council\/#primaryimage\",\"url\":\"https:\/\/skargardssamarbetet.org\/wp-content\/uploads\/2025\/05\/nss-styrelsemote-pa-brando-egts-1024x768.jpg\",\"contentUrl\":\"https:\/\/skargardssamarbetet.org\/wp-content\/uploads\/2025\/05\/nss-styrelsemote-pa-brando-egts-1024x768.jpg\"},{\"@type\":\"BreadcrumbList\",\"@id\":\"https:\/\/skargardssamarbetet.org\/en\/this-is-nss-more-about-us\/cooperation-council\/#breadcrumb\",\"itemListElement\":[{\"@type\":\"ListItem\",\"position\":1,\"name\":\"Home\",\"item\":\"https:\/\/skargardssamarbetet.org\/en\/\"},{\"@type\":\"ListItem\",\"position\":2,\"name\":\"This is NSS \u2013 more about us\",\"item\":\"https:\/\/skargardssamarbetet.org\/en\/this-is-nss-more-about-us\/\"},{\"@type\":\"ListItem\",\"position\":3,\"name\":\"Cooperation Council\"}]},{\"@type\":\"WebSite\",\"@id\":\"https:\/\/skargardssamarbetet.org\/#website\",\"url\":\"https:\/\/skargardssamarbetet.org\/\",\"name\":\"Nordiska Sk\u00e4rg\u00e5rdssamarbetet\",\"description\":\"\",\"potentialAction\":[{\"@type\":\"SearchAction\",\"target\":{\"@type\":\"EntryPoint\",\"urlTemplate\":\"https:\/\/skargardssamarbetet.org\/?s={search_term_string}\"},\"query-input\":{\"@type\":\"PropertyValueSpecification\",\"valueRequired\":true,\"valueName\":\"search_term_string\"}}],\"inLanguage\":\"en-US\"}]}<\/script>\n<!-- \/ Yoast SEO plugin. -->","yoast_head_json":{"title":"Cooperation Council - Nordiska Sk\u00e4rg\u00e5rdssamarbetet","robots":{"index":"index","follow":"follow","max-snippet":"max-snippet:-1","max-image-preview":"max-image-preview:large","max-video-preview":"max-video-preview:-1"},"canonical":"https:\/\/skargardssamarbetet.org\/en\/this-is-nss-more-about-us\/cooperation-council\/","og_locale":"en_US","og_type":"article","og_title":"Cooperation Council - Nordiska Sk\u00e4rg\u00e5rdssamarbetet","og_description":"The highest decision-making body of the Nordic Archipelago Cooperation is the Cooperation Council. The Cooperation Council consists of a maximum of 21 members, with up to seven from each of the three subregions. The Council\u2019s term follows the terms of the bodies that appoint its representatives.The Council shall hold at least one regular meeting per [&hellip;]","og_url":"https:\/\/skargardssamarbetet.org\/en\/this-is-nss-more-about-us\/cooperation-council\/","og_site_name":"Nordiska Sk\u00e4rg\u00e5rdssamarbetet","article_modified_time":"2025-12-09T11:41:41+00:00","og_image":[{"width":2048,"height":1536,"url":"https:\/\/skargardssamarbetet.org\/wp-content\/uploads\/2025\/05\/nss-styrelsemote-pa-brando-egts.jpg","type":"image\/jpeg"}],"twitter_card":"summary_large_image","twitter_misc":{"Est. reading time":"1 minute"},"schema":{"@context":"https:\/\/schema.org","@graph":[{"@type":"WebPage","@id":"https:\/\/skargardssamarbetet.org\/en\/this-is-nss-more-about-us\/cooperation-council\/","url":"https:\/\/skargardssamarbetet.org\/en\/this-is-nss-more-about-us\/cooperation-council\/","name":"Cooperation Council - Nordiska Sk\u00e4rg\u00e5rdssamarbetet","isPartOf":{"@id":"https:\/\/skargardssamarbetet.org\/#website"},"primaryImageOfPage":{"@id":"https:\/\/skargardssamarbetet.org\/en\/this-is-nss-more-about-us\/cooperation-council\/#primaryimage"},"image":{"@id":"https:\/\/skargardssamarbetet.org\/en\/this-is-nss-more-about-us\/cooperation-council\/#primaryimage"},"thumbnailUrl":"https:\/\/skargardssamarbetet.org\/wp-content\/uploads\/2025\/05\/nss-styrelsemote-pa-brando-egts-1024x768.jpg","datePublished":"2025-05-19T13:16:06+00:00","dateModified":"2025-12-09T11:41:41+00:00","breadcrumb":{"@id":"https:\/\/skargardssamarbetet.org\/en\/this-is-nss-more-about-us\/cooperation-council\/#breadcrumb"},"inLanguage":"en-US","potentialAction":[{"@type":"ReadAction","target":["https:\/\/skargardssamarbetet.org\/en\/this-is-nss-more-about-us\/cooperation-council\/"]}]},{"@type":"ImageObject","inLanguage":"en-US","@id":"https:\/\/skargardssamarbetet.org\/en\/this-is-nss-more-about-us\/cooperation-council\/#primaryimage","url":"https:\/\/skargardssamarbetet.org\/wp-content\/uploads\/2025\/05\/nss-styrelsemote-pa-brando-egts-1024x768.jpg","contentUrl":"https:\/\/skargardssamarbetet.org\/wp-content\/uploads\/2025\/05\/nss-styrelsemote-pa-brando-egts-1024x768.jpg"},{"@type":"BreadcrumbList","@id":"https:\/\/skargardssamarbetet.org\/en\/this-is-nss-more-about-us\/cooperation-council\/#breadcrumb","itemListElement":[{"@type":"ListItem","position":1,"name":"Home","item":"https:\/\/skargardssamarbetet.org\/en\/"},{"@type":"ListItem","position":2,"name":"This is NSS \u2013 more about us","item":"https:\/\/skargardssamarbetet.org\/en\/this-is-nss-more-about-us\/"},{"@type":"ListItem","position":3,"name":"Cooperation Council"}]},{"@type":"WebSite","@id":"https:\/\/skargardssamarbetet.org\/#website","url":"https:\/\/skargardssamarbetet.org\/","name":"Nordiska Sk\u00e4rg\u00e5rdssamarbetet","description":"","potentialAction":[{"@type":"SearchAction","target":{"@type":"EntryPoint","urlTemplate":"https:\/\/skargardssamarbetet.org\/?s={search_term_string}"},"query-input":{"@type":"PropertyValueSpecification","valueRequired":true,"valueName":"search_term_string"}}],"inLanguage":"en-US"}]}},"_links":{"self":[{"href":"https:\/\/skargardssamarbetet.org\/en\/wp-json\/wp\/v2\/pages\/546","targetHints":{"allow":["GET"]}}],"collection":[{"href":"https:\/\/skargardssamarbetet.org\/en\/wp-json\/wp\/v2\/pages"}],"about":[{"href":"https:\/\/skargardssamarbetet.org\/en\/wp-json\/wp\/v2\/types\/page"}],"author":[{"embeddable":true,"href":"https:\/\/skargardssamarbetet.org\/en\/wp-json\/wp\/v2\/users\/1"}],"replies":[{"embeddable":true,"href":"https:\/\/skargardssamarbetet.org\/en\/wp-json\/wp\/v2\/comments?post=546"}],"version-history":[{"count":1,"href":"https:\/\/skargardssamarbetet.org\/en\/wp-json\/wp\/v2\/pages\/546\/revisions"}],"predecessor-version":[{"id":547,"href":"https:\/\/skargardssamarbetet.org\/en\/wp-json\/wp\/v2\/pages\/546\/revisions\/547"}],"up":[{"embeddable":true,"href":"https:\/\/skargardssamarbetet.org\/en\/wp-json\/wp\/v2\/pages\/537"}],"wp:attachment":[{"href":"https:\/\/skargardssamarbetet.org\/en\/wp-json\/wp\/v2\/media?parent=546"}],"curies":[{"name":"wp","href":"https:\/\/api.w.org\/{rel}","templated":true}]}}