{"id":550,"date":"2025-06-19T15:15:38","date_gmt":"2025-06-19T13:15:38","guid":{"rendered":"https:\/\/skargardssamarbetet.org\/this-is-nss-more-about-us\/cooperation-board\/"},"modified":"2025-12-09T12:47:10","modified_gmt":"2025-12-09T11:47:10","slug":"cooperation-board","status":"publish","type":"page","link":"https:\/\/skargardssamarbetet.org\/en\/this-is-nss-more-about-us\/cooperation-board\/","title":{"rendered":"Cooperation Board"},"content":{"rendered":"\n<p>The board of the Nordic Archipelago Cooperation consists of one representative per member organization. The parties within each country agree on the internal distribution of board members and appoint them. The Nordic Archipelago Cooperation Council approves the composition of the board. Members are appointed for two years at a time, with a personal deputy.<\/p>\n\n<figure class=\"wp-block-image size-large\"><img loading=\"lazy\" decoding=\"async\" width=\"1920\" height=\"1440\" src=\"https:\/\/skargardssamarbetet.org\/wp-content\/uploads\/2025\/07\/20250515-130209-1920x1440.jpg\" alt=\"\" class=\"wp-image-269\" srcset=\"https:\/\/skargardssamarbetet.org\/wp-content\/uploads\/2025\/07\/20250515-130209-1920x1440.jpg 1920w, https:\/\/skargardssamarbetet.org\/wp-content\/uploads\/2025\/07\/20250515-130209-300x225.jpg 300w, https:\/\/skargardssamarbetet.org\/wp-content\/uploads\/2025\/07\/20250515-130209-1536x1152.jpg 1536w\" sizes=\"auto, (max-width: 1920px) 100vw, 1920px\" \/><\/figure>\n\n<p class=\"has-vivid-cyan-blue-background-color has-background has-medium-font-size\"><strong>SVERIGE<\/strong><\/p>\n\n<figure class=\"wp-block-table\"><table class=\"has-fixed-layout\"><thead><tr><th>ORDINARY MEMBER<\/th><th>DEPUTY MEMBER<\/th><\/tr><\/thead><tbody><tr><td><em><strong>L\u00e4nsstyrelsen i Stockholms l\u00e4n<\/strong><\/em><\/td><td><\/td><\/tr><tr><td>Patrik Cederl\u00f6f<\/td><td>Tereze S\u00e4ll<\/td><\/tr><tr><td><em><strong>Region Stockholm<\/strong><\/em><\/td><td><\/td><\/tr><tr><td>Frida Kallenbach<\/td><td>Liz Nordstr\u00f6m<\/td><\/tr><tr><td><strong>\u00a0<em>Sk\u00e4rg\u00e5rdsstiftelsen i Stockholms l\u00e4n<\/em><\/strong><\/td><td><\/td><\/tr><tr><td>Ulrika Palmblad-Wennergren\u00a0<\/td><td>Jan Zetterman<\/td><\/tr><tr><td><em><strong>L\u00e4nsstyrelsen i Uppsala l\u00e4n<\/strong><\/em><\/td><td><\/td><\/tr><tr><td>Ted Bergman Bj\u00f6rk\u00a0<\/td><td>\u00a0Linn Bennetoft\u00a0<\/td><\/tr><tr><td><em><strong>Region S\u00f6rmland<\/strong><\/em><\/td><td><\/td><\/tr><tr><td>Jenny Wikblom Kamage\u00a0<\/td><td>Sch\u00f6nenstern, Henrietta\u00a0<\/td><\/tr><tr><td><em><strong>Region \u00d6sterg\u00f6tland<\/strong><\/em><\/td><td><\/td><\/tr><tr><td>Anna Karlin<\/td><td>Rebecca Swanson<\/td><\/tr><\/tbody><\/table><\/figure>\n\n<p class=\"has-vivid-cyan-blue-background-color has-background has-medium-font-size\"><strong>\u00c5LAND<\/strong><\/p>\n\n<figure class=\"wp-block-table\"><table class=\"has-fixed-layout\"><tbody><tr><td><strong><em>\u00c5lands landskapsregering<\/em><\/strong><\/td><td><\/td><\/tr><tr><td>Anna-Lena Groos<\/td><td>Agneta Wackstr\u00f6m<\/td><\/tr><tr><td><strong><em>\u00c5land\/representerar \u00c5lands sk\u00e4rg\u00e5rdskommuner<\/em><\/strong><\/td><td><\/td><\/tr><tr><td>John Wrede<\/td><td>Kennet Lundstr\u00f6m<\/td><\/tr><\/tbody><\/table><\/figure>\n\n<p class=\"has-vivid-cyan-blue-background-color has-background has-medium-font-size\"><strong>FINLAND<\/strong><\/p>\n\n<figure class=\"wp-block-table\"><table class=\"has-fixed-layout\"><tbody><tr><td><strong><em>Egentliga Finlands f\u00f6rbund<\/em><\/strong><\/td><td><\/td><\/tr><tr><td>\u00a0Sami Heinonen, vice ordf<\/td><td>Sonja Palhus<\/td><\/tr><tr><td><strong><em>Nylands f\u00f6rbund<\/em><\/strong><\/td><td><\/td><\/tr><tr><td>Tarja Koistinen<\/td><td>Outi Ervasti<\/td><\/tr><tr><td><strong><em>NTM-centralen i Nyland<\/em><\/strong><\/td><td><\/td><\/tr><tr><td>Maria Konsin-Palva<\/td><td><\/td><\/tr><tr><td><strong><em>NTM-centralen i Egentliga Finland<\/em><\/strong><\/td><td><\/td><\/tr><tr><td>Ilmari Viljanen<\/td><td>Antti Jaatinen<\/td><\/tr><tr><td><strong><em>Kymmenedalens F\u00f6rbund<\/em><\/strong><\/td><td><\/td><\/tr><tr><td>Petri Tolmunen<\/td><td>NN<\/td><\/tr><\/tbody><\/table><\/figure>\n\n<h2 class=\"wp-block-heading\"><\/h2>\n","protected":false},"excerpt":{"rendered":"<p>The board of the Nordic Archipelago Cooperation consists of one representative per member organization. The parties within each country agree on the internal distribution of board members and appoint them. The Nordic Archipelago Cooperation Council approves the composition of the board. Members are appointed for two years at a time, with a personal deputy. SVERIGE [&hellip;]<\/p>\n","protected":false},"author":1,"featured_media":0,"parent":537,"menu_order":0,"comment_status":"closed","ping_status":"closed","template":"","meta":{"_acf_changed":false,"footnotes":""},"class_list":["post-550","page","type-page","status-publish","hentry"],"acf":[],"yoast_head":"<!-- This site is optimized with the Yoast SEO plugin v27.2 - https:\/\/yoast.com\/product\/yoast-seo-wordpress\/ -->\n<title>Cooperation Board - Nordiska Sk\u00e4rg\u00e5rdssamarbetet<\/title>\n<meta name=\"robots\" content=\"index, follow, max-snippet:-1, max-image-preview:large, max-video-preview:-1\" \/>\n<link rel=\"canonical\" href=\"https:\/\/skargardssamarbetet.org\/en\/this-is-nss-more-about-us\/cooperation-board\/\" \/>\n<meta property=\"og:locale\" content=\"en_US\" \/>\n<meta property=\"og:type\" content=\"article\" \/>\n<meta property=\"og:title\" content=\"Cooperation Board - Nordiska Sk\u00e4rg\u00e5rdssamarbetet\" \/>\n<meta property=\"og:description\" content=\"The board of the Nordic Archipelago Cooperation consists of one representative per member organization. The parties within each country agree on the internal distribution of board members and appoint them. The Nordic Archipelago Cooperation Council approves the composition of the board. Members are appointed for two years at a time, with a personal deputy. SVERIGE [&hellip;]\" \/>\n<meta property=\"og:url\" content=\"https:\/\/skargardssamarbetet.org\/en\/this-is-nss-more-about-us\/cooperation-board\/\" \/>\n<meta property=\"og:site_name\" content=\"Nordiska Sk\u00e4rg\u00e5rdssamarbetet\" \/>\n<meta property=\"article:modified_time\" content=\"2025-12-09T11:47:10+00:00\" \/>\n<meta property=\"og:image\" content=\"https:\/\/skargardssamarbetet.org\/wp-content\/uploads\/2025\/07\/20250515-130209.jpg\" \/>\n\t<meta property=\"og:image:width\" content=\"3264\" \/>\n\t<meta property=\"og:image:height\" content=\"2448\" \/>\n\t<meta property=\"og:image:type\" content=\"image\/jpeg\" \/>\n<meta name=\"twitter:card\" content=\"summary_large_image\" \/>\n<meta name=\"twitter:label1\" content=\"Est. reading time\" \/>\n\t<meta name=\"twitter:data1\" content=\"1 minute\" \/>\n<script type=\"application\/ld+json\" class=\"yoast-schema-graph\">{\"@context\":\"https:\/\/schema.org\",\"@graph\":[{\"@type\":\"WebPage\",\"@id\":\"https:\/\/skargardssamarbetet.org\/en\/this-is-nss-more-about-us\/cooperation-board\/\",\"url\":\"https:\/\/skargardssamarbetet.org\/en\/this-is-nss-more-about-us\/cooperation-board\/\",\"name\":\"Cooperation Board - Nordiska Sk\u00e4rg\u00e5rdssamarbetet\",\"isPartOf\":{\"@id\":\"https:\/\/skargardssamarbetet.org\/#website\"},\"primaryImageOfPage\":{\"@id\":\"https:\/\/skargardssamarbetet.org\/en\/this-is-nss-more-about-us\/cooperation-board\/#primaryimage\"},\"image\":{\"@id\":\"https:\/\/skargardssamarbetet.org\/en\/this-is-nss-more-about-us\/cooperation-board\/#primaryimage\"},\"thumbnailUrl\":\"https:\/\/skargardssamarbetet.org\/wp-content\/uploads\/2025\/07\/20250515-130209-1920x1440.jpg\",\"datePublished\":\"2025-06-19T13:15:38+00:00\",\"dateModified\":\"2025-12-09T11:47:10+00:00\",\"breadcrumb\":{\"@id\":\"https:\/\/skargardssamarbetet.org\/en\/this-is-nss-more-about-us\/cooperation-board\/#breadcrumb\"},\"inLanguage\":\"en-US\",\"potentialAction\":[{\"@type\":\"ReadAction\",\"target\":[\"https:\/\/skargardssamarbetet.org\/en\/this-is-nss-more-about-us\/cooperation-board\/\"]}]},{\"@type\":\"ImageObject\",\"inLanguage\":\"en-US\",\"@id\":\"https:\/\/skargardssamarbetet.org\/en\/this-is-nss-more-about-us\/cooperation-board\/#primaryimage\",\"url\":\"https:\/\/skargardssamarbetet.org\/wp-content\/uploads\/2025\/07\/20250515-130209-1920x1440.jpg\",\"contentUrl\":\"https:\/\/skargardssamarbetet.org\/wp-content\/uploads\/2025\/07\/20250515-130209-1920x1440.jpg\"},{\"@type\":\"BreadcrumbList\",\"@id\":\"https:\/\/skargardssamarbetet.org\/en\/this-is-nss-more-about-us\/cooperation-board\/#breadcrumb\",\"itemListElement\":[{\"@type\":\"ListItem\",\"position\":1,\"name\":\"Home\",\"item\":\"https:\/\/skargardssamarbetet.org\/en\/\"},{\"@type\":\"ListItem\",\"position\":2,\"name\":\"This is NSS \u2013 more about us\",\"item\":\"https:\/\/skargardssamarbetet.org\/en\/this-is-nss-more-about-us\/\"},{\"@type\":\"ListItem\",\"position\":3,\"name\":\"Cooperation Board\"}]},{\"@type\":\"WebSite\",\"@id\":\"https:\/\/skargardssamarbetet.org\/#website\",\"url\":\"https:\/\/skargardssamarbetet.org\/\",\"name\":\"Nordiska Sk\u00e4rg\u00e5rdssamarbetet\",\"description\":\"\",\"potentialAction\":[{\"@type\":\"SearchAction\",\"target\":{\"@type\":\"EntryPoint\",\"urlTemplate\":\"https:\/\/skargardssamarbetet.org\/?s={search_term_string}\"},\"query-input\":{\"@type\":\"PropertyValueSpecification\",\"valueRequired\":true,\"valueName\":\"search_term_string\"}}],\"inLanguage\":\"en-US\"}]}<\/script>\n<!-- \/ Yoast SEO plugin. -->","yoast_head_json":{"title":"Cooperation Board - Nordiska Sk\u00e4rg\u00e5rdssamarbetet","robots":{"index":"index","follow":"follow","max-snippet":"max-snippet:-1","max-image-preview":"max-image-preview:large","max-video-preview":"max-video-preview:-1"},"canonical":"https:\/\/skargardssamarbetet.org\/en\/this-is-nss-more-about-us\/cooperation-board\/","og_locale":"en_US","og_type":"article","og_title":"Cooperation Board - Nordiska Sk\u00e4rg\u00e5rdssamarbetet","og_description":"The board of the Nordic Archipelago Cooperation consists of one representative per member organization. The parties within each country agree on the internal distribution of board members and appoint them. The Nordic Archipelago Cooperation Council approves the composition of the board. Members are appointed for two years at a time, with a personal deputy. SVERIGE [&hellip;]","og_url":"https:\/\/skargardssamarbetet.org\/en\/this-is-nss-more-about-us\/cooperation-board\/","og_site_name":"Nordiska Sk\u00e4rg\u00e5rdssamarbetet","article_modified_time":"2025-12-09T11:47:10+00:00","og_image":[{"width":3264,"height":2448,"url":"https:\/\/skargardssamarbetet.org\/wp-content\/uploads\/2025\/07\/20250515-130209.jpg","type":"image\/jpeg"}],"twitter_card":"summary_large_image","twitter_misc":{"Est. reading time":"1 minute"},"schema":{"@context":"https:\/\/schema.org","@graph":[{"@type":"WebPage","@id":"https:\/\/skargardssamarbetet.org\/en\/this-is-nss-more-about-us\/cooperation-board\/","url":"https:\/\/skargardssamarbetet.org\/en\/this-is-nss-more-about-us\/cooperation-board\/","name":"Cooperation Board - Nordiska Sk\u00e4rg\u00e5rdssamarbetet","isPartOf":{"@id":"https:\/\/skargardssamarbetet.org\/#website"},"primaryImageOfPage":{"@id":"https:\/\/skargardssamarbetet.org\/en\/this-is-nss-more-about-us\/cooperation-board\/#primaryimage"},"image":{"@id":"https:\/\/skargardssamarbetet.org\/en\/this-is-nss-more-about-us\/cooperation-board\/#primaryimage"},"thumbnailUrl":"https:\/\/skargardssamarbetet.org\/wp-content\/uploads\/2025\/07\/20250515-130209-1920x1440.jpg","datePublished":"2025-06-19T13:15:38+00:00","dateModified":"2025-12-09T11:47:10+00:00","breadcrumb":{"@id":"https:\/\/skargardssamarbetet.org\/en\/this-is-nss-more-about-us\/cooperation-board\/#breadcrumb"},"inLanguage":"en-US","potentialAction":[{"@type":"ReadAction","target":["https:\/\/skargardssamarbetet.org\/en\/this-is-nss-more-about-us\/cooperation-board\/"]}]},{"@type":"ImageObject","inLanguage":"en-US","@id":"https:\/\/skargardssamarbetet.org\/en\/this-is-nss-more-about-us\/cooperation-board\/#primaryimage","url":"https:\/\/skargardssamarbetet.org\/wp-content\/uploads\/2025\/07\/20250515-130209-1920x1440.jpg","contentUrl":"https:\/\/skargardssamarbetet.org\/wp-content\/uploads\/2025\/07\/20250515-130209-1920x1440.jpg"},{"@type":"BreadcrumbList","@id":"https:\/\/skargardssamarbetet.org\/en\/this-is-nss-more-about-us\/cooperation-board\/#breadcrumb","itemListElement":[{"@type":"ListItem","position":1,"name":"Home","item":"https:\/\/skargardssamarbetet.org\/en\/"},{"@type":"ListItem","position":2,"name":"This is NSS \u2013 more about us","item":"https:\/\/skargardssamarbetet.org\/en\/this-is-nss-more-about-us\/"},{"@type":"ListItem","position":3,"name":"Cooperation Board"}]},{"@type":"WebSite","@id":"https:\/\/skargardssamarbetet.org\/#website","url":"https:\/\/skargardssamarbetet.org\/","name":"Nordiska Sk\u00e4rg\u00e5rdssamarbetet","description":"","potentialAction":[{"@type":"SearchAction","target":{"@type":"EntryPoint","urlTemplate":"https:\/\/skargardssamarbetet.org\/?s={search_term_string}"},"query-input":{"@type":"PropertyValueSpecification","valueRequired":true,"valueName":"search_term_string"}}],"inLanguage":"en-US"}]}},"_links":{"self":[{"href":"https:\/\/skargardssamarbetet.org\/en\/wp-json\/wp\/v2\/pages\/550","targetHints":{"allow":["GET"]}}],"collection":[{"href":"https:\/\/skargardssamarbetet.org\/en\/wp-json\/wp\/v2\/pages"}],"about":[{"href":"https:\/\/skargardssamarbetet.org\/en\/wp-json\/wp\/v2\/types\/page"}],"author":[{"embeddable":true,"href":"https:\/\/skargardssamarbetet.org\/en\/wp-json\/wp\/v2\/users\/1"}],"replies":[{"embeddable":true,"href":"https:\/\/skargardssamarbetet.org\/en\/wp-json\/wp\/v2\/comments?post=550"}],"version-history":[{"count":1,"href":"https:\/\/skargardssamarbetet.org\/en\/wp-json\/wp\/v2\/pages\/550\/revisions"}],"predecessor-version":[{"id":551,"href":"https:\/\/skargardssamarbetet.org\/en\/wp-json\/wp\/v2\/pages\/550\/revisions\/551"}],"up":[{"embeddable":true,"href":"https:\/\/skargardssamarbetet.org\/en\/wp-json\/wp\/v2\/pages\/537"}],"wp:attachment":[{"href":"https:\/\/skargardssamarbetet.org\/en\/wp-json\/wp\/v2\/media?parent=550"}],"curies":[{"name":"wp","href":"https:\/\/api.w.org\/{rel}","templated":true}]}}