{"id":540,"date":"2025-05-07T10:26:29","date_gmt":"2025-05-07T08:26:29","guid":{"rendered":"https:\/\/skargardssamarbetet.org\/tama-on-nss-lisatietoa-meista\/"},"modified":"2025-12-09T12:33:00","modified_gmt":"2025-12-09T11:33:00","slug":"tama-on-nss-lisatietoa-meista","status":"publish","type":"page","link":"https:\/\/skargardssamarbetet.org\/fi\/tama-on-nss-lisatietoa-meista\/","title":{"rendered":"T\u00e4m\u00e4 on NSS \u2013 lis\u00e4tietoa meist\u00e4"},"content":{"rendered":"\n<h2 class=\"wp-block-heading\">Saaristoyhteisty\u00f6 \u2013 el\u00e4v\u00e4t yhteydet yhteisen meremme yli<\/h2>\n\n<p>Pohjoismainen Saaristoyhteisty\u00f6 on rajat ylitt\u00e4v\u00e4 viranomaisyhteisty\u00f6, joka kattaa saaristoalueet Tukholman, Uppsalan, S\u00f6rmlannin ja \u00d6sterg\u00f6tlandin l\u00e4\u00e4neiss\u00e4, Varsinais-Suomen, Uudenmaan ja Kymenlaakson maakunnissa sek\u00e4 Ahvenanmaalla. Rannikkoalue ulottuu linnuntiet\u00e4 800 km, ja saaristossa asuu noin 50 000 ihmist\u00e4 ymp\u00e4ri vuoden. Toivomme, ett\u00e4 m\u00e4\u00e4r\u00e4 kasvaa tulevaisuudessa.<\/p>\n\n<p>Organisaatio pyrkii lis\u00e4\u00e4m\u00e4\u00e4n yhteisty\u00f6t\u00e4 alueensa maiden ja alueiden v\u00e4lill\u00e4 sek\u00e4 yll\u00e4pit\u00e4m\u00e4\u00e4n yhteyksi\u00e4 rannikko- ja saaristoalueiden v\u00e4lill\u00e4. Lis\u00e4ksi NSS j\u00e4rjest\u00e4\u00e4 seminaareja ja innostavia foorumeita, jotta kehitystarpeet tai mahdollisuudet tulevat n\u00e4kyviksi ja viranomaiset sek\u00e4 yksityinen sektori voivat vied\u00e4 niit\u00e4 eteenp\u00e4in. Painopisteemme on lis\u00e4t\u00e4 tietoa saaristojemme ja rannikkoalueidemme olosuhteista. Teemme t\u00e4t\u00e4 eri tavoin aktiivisen poikkisektoraalisen osallistumisen kautta sek\u00e4 osallistumalla yhteisty\u00f6kumppaneidemme ty\u00f6ryhmiin.<\/p>\n\n<p><\/p>\n\n<h2 class=\"wp-block-heading\">Organisaatio<\/h2>\n\n<p>Saaristoyhteisty\u00f6n p\u00e4\u00e4vastuulliset tahot ovat Tukholman l\u00e4\u00e4ninhallitus, Region Stockholm, Tukholman saaristos\u00e4\u00e4ti\u00f6, Uppsalan l\u00e4\u00e4ninhallitus, Region S\u00f6rmland, Region \u00d6sterg\u00f6tland, Ahvenanmaan saaristokunnat Br\u00e4nd\u00f6, F\u00f6gl\u00f6, Kumlinge, K\u00f6kar, Sottunga ja V\u00e5rd\u00f6, Varsinais-Suomen liitto ja Varsinais-Suomen ELY-keskus sek\u00e4 Uudenmaan liitto ja Uudenmaan ELY-keskus (elinkeino-, liikenne- ja ymp\u00e4rist\u00f6keskus).<\/p>\n\n<h2 class=\"wp-block-heading\">S\u00e4\u00e4nn\u00f6t<\/h2>\n\n<p>Vuonna 2018 laadittiin uudet s\u00e4\u00e4nn\u00f6t, jotka hyv\u00e4ksyttiin neuvoston kokouksessa 2019. Saaristoyhteisty\u00f6n korkein p\u00e4\u00e4t\u00f6ksentekoelin on Yhteisty\u00f6neuvosto, jonka p\u00e4\u00e4t\u00f6kset toimeenpanee yhteisty\u00f6toimikunta ja yhteisty\u00f6johtaja.<\/p>\n\n<p><a href=\"https:\/\/skargardssamarbetet.org\/wp-content\/uploads\/2025\/07\/nssstadgar2019.pdf\" target=\"_blank\" rel=\"noopener\">Lataa s\u00e4\u00e4nn\u00f6t NSS_stadgar_2019 (pdf) <\/a><\/p>\n\n<h2 class=\"wp-block-heading\">Kartta kaikista rajakomiteoista<\/h2>\n\n<p>Alta l\u00f6yd\u00e4t Nordregion kartan kaikista Pohjoismaissa toimivista yhteisty\u00f6komiteoista.<\/p>\n\n<figure class=\"wp-block-image size-full\"><img loading=\"lazy\" decoding=\"async\" width=\"1920\" height=\"1080\" src=\"https:\/\/skargardssamarbetet.org\/wp-content\/uploads\/2025\/07\/karta.png\" alt=\"\" class=\"wp-image-245\" srcset=\"https:\/\/skargardssamarbetet.org\/wp-content\/uploads\/2025\/07\/karta.png 1920w, https:\/\/skargardssamarbetet.org\/wp-content\/uploads\/2025\/07\/karta-300x169.png 300w, https:\/\/skargardssamarbetet.org\/wp-content\/uploads\/2025\/07\/karta-1536x864.png 1536w, https:\/\/skargardssamarbetet.org\/wp-content\/uploads\/2025\/07\/karta-370x208.png 370w, https:\/\/skargardssamarbetet.org\/wp-content\/uploads\/2025\/07\/karta-1174x660.png 1174w, https:\/\/skargardssamarbetet.org\/wp-content\/uploads\/2025\/07\/karta-571x321.png 571w\" sizes=\"auto, (max-width: 1920px) 100vw, 1920px\" \/><\/figure>\n\n<h2 class=\"wp-block-heading\" id=\"nss_ar_en_granskommitte_&#x2013;_vad_betyder_det?\">NSS on rajakomitea \u2013 mit\u00e4 se tarkoittaa?<\/h2>\n\n<p>Pohjoismailla on ainutlaatuinen rajat ylitt\u00e4v\u00e4 yhteisty\u00f6. Rajakomiteat ovat alustoja, jotka k\u00e4yt\u00e4nn\u00f6ss\u00e4 kehitt\u00e4v\u00e4t alueitamme Pohjoismaiden strategisen vision mukaisesti: <em><strong>Pohjoismaista maailman kest\u00e4vin ja integroitunein alue vuoteen 2030 menness\u00e4<\/strong><\/em>. Pohjoismaissa on 30 miljoonaa asukasta ja maailman 11. suurin talous.<\/p>\n\n<p>Pohjoismaiden rajat ylitt\u00e4v\u00e4 yhteisty\u00f6 koostuu 13 rajat ylitt\u00e4v\u00e4st\u00e4 komiteasta, jotka toimivat Tanskan, Ruotsin, Suomen ja Norjan rajamaakunnissa.<\/p>\n\n<p>Rajakomiteat ty\u00f6skentelev\u00e4t ensisijaisesti edist\u00e4\u00e4kseen yritystoiminnan kilpailukyky\u00e4 rajaseutualueilla, tunnistaakseen ja poistaakseen rajat esteit\u00e4, kehitt\u00e4\u00e4kseen kest\u00e4vi\u00e4 ja ilmastoyst\u00e4v\u00e4llisi\u00e4 ymp\u00e4rist\u00f6- ja energiaratkaisuja, kehitt\u00e4\u00e4kseen rajaseutualueiden infrastruktuuria ja viestint\u00e4\u00e4 sek\u00e4 hallinnoidakseen maank\u00e4ytt\u00f6\u00e4 n\u00e4ill\u00e4 alueilla.<\/p>\n\n<p>Yhteystiedot <a href=\"https:\/\/www.norden.org\/sv\/node\/70103\" target=\"_blank\" rel=\"noreferrer noopener\">gr\u00e4nskommitt\u00e9rna<\/a><\/p>\n\n<h2 class=\"wp-block-heading\" id=\"nordiska_ministerradet\">Pohjoismaiden ministerineuvosto<\/h2>\n\n<p>Pohjoismaiden ministerineuvosto, joka perustettiin vuonna 1971, on Pohjoismaiden maiden ja itsehallintoalueiden hallitusten yhteisty\u00f6elin. Ministerineuvostossa kansallisten hallitusten edustajat k\u00e4sittelev\u00e4t asioita, joista on sovittu yhteisesti.<\/p>\n\n<p>Ministerineuvosto noudattaa Pohjoismaiden neuvoston suosituksia ja raportoi neuvostolle ajankohtaisista poliittisista kysymyksist\u00e4, jotka koskevat Pohjoismaita. Ministerineuvosto my\u00f6s tekee omia aloitteita. Ministerineuvoston toiminnasta kokonaisvastaa viiden Pohjoismaan p\u00e4\u00e4ministerit. K\u00e4yt\u00e4nn\u00f6ss\u00e4 ty\u00f6t\u00e4 johtavat pohjoismaiset yhteisty\u00f6ministerit ja pohjoismainen yhteisty\u00f6komitea.<\/p>\n\n<p>Vuoden 2023 uusi p\u00e4\u00e4sihteeri on Karen Ellemann; \u201dnyt on t\u00e4rke\u00e4\u00e4, ett\u00e4 yhdist\u00e4mme voimamme, tunnistamme, miss\u00e4 voimme parantaa, ja n\u00e4in vahvistamme pohjoismaista yhteisty\u00f6t\u00e4.\u201d<\/p>\n\n<p>Tutustu NMR:\u00e4\u00e4n <a href=\"https:\/\/www.norden.org\/sv\/nordiska-ministerradet\">h\u00e4r.<\/a><\/p>\n\n<h2 class=\"wp-block-heading\" id=\"nordiska_radet\">Pohjoismainen neuvosto<\/h2>\n\n<p>Pohjoismainen neuvosto, joka perustettiin vuonna 1952, on parlamentaarikkojen ja ministerien yhteisty\u00f6foorumi.<\/p>\n\n<p><em><strong>Pohjoismainen neuvosto on ainutlaatuinen maailmassa, sill\u00e4 se on ainoa foorumi, jossa toisen maan parlamentaarikot voivat kysy\u00e4 toisien maiden ministreilt\u00e4 ja k\u00e4yd\u00e4 poliittista keskustelua naapurimaiden hallitusten kanssa.<\/strong><\/em><\/p>\n\n<p>Pohjoismaalisella neuvostolla ei ole muodollista valtaa instituutiona, mutta jokaisella hallituksella on valta toimeenpanna neuvoston p\u00e4\u00e4t\u00f6kset oman maansa lains\u00e4\u00e4d\u00e4nt\u00f6\u00f6n parlamentin hyv\u00e4ksynn\u00e4ll\u00e4.<\/p>\n\n<p>Prioriteetit ovat p\u00e4\u00e4sihteerin p\u00f6yd\u00e4ll\u00e4 yhteisty\u00f6ss\u00e4 Pohjoismaisen neuvoston kanssa.<\/p>\n","protected":false},"excerpt":{"rendered":"<p>Saaristoyhteisty\u00f6 \u2013 el\u00e4v\u00e4t yhteydet yhteisen meremme yli Pohjoismainen Saaristoyhteisty\u00f6 on rajat ylitt\u00e4v\u00e4 viranomaisyhteisty\u00f6, joka kattaa saaristoalueet Tukholman, Uppsalan, S\u00f6rmlannin ja \u00d6sterg\u00f6tlandin l\u00e4\u00e4neiss\u00e4, Varsinais-Suomen, Uudenmaan ja Kymenlaakson maakunnissa sek\u00e4 Ahvenanmaalla. Rannikkoalue ulottuu linnuntiet\u00e4 800 km, ja saaristossa asuu noin 50 000 ihmist\u00e4 ymp\u00e4ri vuoden. Toivomme, ett\u00e4 m\u00e4\u00e4r\u00e4 kasvaa tulevaisuudessa. Organisaatio pyrkii lis\u00e4\u00e4m\u00e4\u00e4n yhteisty\u00f6t\u00e4 alueensa maiden ja [&hellip;]<\/p>\n","protected":false},"author":1,"featured_media":0,"parent":0,"menu_order":0,"comment_status":"closed","ping_status":"closed","template":"","meta":{"_acf_changed":false,"footnotes":""},"class_list":["post-540","page","type-page","status-publish","hentry"],"acf":[],"yoast_head":"<!-- This site is optimized with the Yoast SEO plugin v27.2 - https:\/\/yoast.com\/product\/yoast-seo-wordpress\/ -->\n<title>T\u00e4m\u00e4 on NSS \u2013 lis\u00e4tietoa meist\u00e4 - Nordiska Sk\u00e4rg\u00e5rdssamarbetet<\/title>\n<meta name=\"robots\" content=\"index, follow, max-snippet:-1, max-image-preview:large, max-video-preview:-1\" \/>\n<link rel=\"canonical\" href=\"https:\/\/skargardssamarbetet.org\/fi\/tama-on-nss-lisatietoa-meista\/\" \/>\n<meta property=\"og:locale\" content=\"fi_FI\" \/>\n<meta property=\"og:type\" content=\"article\" \/>\n<meta property=\"og:title\" content=\"T\u00e4m\u00e4 on NSS \u2013 lis\u00e4tietoa meist\u00e4 - Nordiska Sk\u00e4rg\u00e5rdssamarbetet\" \/>\n<meta property=\"og:description\" content=\"Saaristoyhteisty\u00f6 \u2013 el\u00e4v\u00e4t yhteydet yhteisen meremme yli Pohjoismainen Saaristoyhteisty\u00f6 on rajat ylitt\u00e4v\u00e4 viranomaisyhteisty\u00f6, joka kattaa saaristoalueet Tukholman, Uppsalan, S\u00f6rmlannin ja \u00d6sterg\u00f6tlandin l\u00e4\u00e4neiss\u00e4, Varsinais-Suomen, Uudenmaan ja Kymenlaakson maakunnissa sek\u00e4 Ahvenanmaalla. Rannikkoalue ulottuu linnuntiet\u00e4 800 km, ja saaristossa asuu noin 50 000 ihmist\u00e4 ymp\u00e4ri vuoden. Toivomme, ett\u00e4 m\u00e4\u00e4r\u00e4 kasvaa tulevaisuudessa. Organisaatio pyrkii lis\u00e4\u00e4m\u00e4\u00e4n yhteisty\u00f6t\u00e4 alueensa maiden ja [&hellip;]\" \/>\n<meta property=\"og:url\" content=\"https:\/\/skargardssamarbetet.org\/fi\/tama-on-nss-lisatietoa-meista\/\" \/>\n<meta property=\"og:site_name\" content=\"Nordiska Sk\u00e4rg\u00e5rdssamarbetet\" \/>\n<meta property=\"article:modified_time\" content=\"2025-12-09T11:33:00+00:00\" \/>\n<meta property=\"og:image\" content=\"https:\/\/skargardssamarbetet.org\/wp-content\/uploads\/2025\/07\/karta.png\" \/>\n\t<meta property=\"og:image:width\" content=\"1920\" \/>\n\t<meta property=\"og:image:height\" content=\"1080\" \/>\n\t<meta property=\"og:image:type\" content=\"image\/png\" \/>\n<meta name=\"twitter:card\" content=\"summary_large_image\" \/>\n<meta name=\"twitter:label1\" content=\"Arvioitu lukuaika\" \/>\n\t<meta name=\"twitter:data1\" content=\"3 minuuttia\" \/>\n<script type=\"application\/ld+json\" class=\"yoast-schema-graph\">{\"@context\":\"https:\/\/schema.org\",\"@graph\":[{\"@type\":\"WebPage\",\"@id\":\"https:\/\/skargardssamarbetet.org\/fi\/tama-on-nss-lisatietoa-meista\/\",\"url\":\"https:\/\/skargardssamarbetet.org\/fi\/tama-on-nss-lisatietoa-meista\/\",\"name\":\"T\u00e4m\u00e4 on NSS \u2013 lis\u00e4tietoa meist\u00e4 - Nordiska Sk\u00e4rg\u00e5rdssamarbetet\",\"isPartOf\":{\"@id\":\"https:\/\/skargardssamarbetet.org\/#website\"},\"primaryImageOfPage\":{\"@id\":\"https:\/\/skargardssamarbetet.org\/fi\/tama-on-nss-lisatietoa-meista\/#primaryimage\"},\"image\":{\"@id\":\"https:\/\/skargardssamarbetet.org\/fi\/tama-on-nss-lisatietoa-meista\/#primaryimage\"},\"thumbnailUrl\":\"https:\/\/skargardssamarbetet.org\/wp-content\/uploads\/2025\/07\/karta.png\",\"datePublished\":\"2025-05-07T08:26:29+00:00\",\"dateModified\":\"2025-12-09T11:33:00+00:00\",\"breadcrumb\":{\"@id\":\"https:\/\/skargardssamarbetet.org\/fi\/tama-on-nss-lisatietoa-meista\/#breadcrumb\"},\"inLanguage\":\"fi\",\"potentialAction\":[{\"@type\":\"ReadAction\",\"target\":[\"https:\/\/skargardssamarbetet.org\/fi\/tama-on-nss-lisatietoa-meista\/\"]}]},{\"@type\":\"ImageObject\",\"inLanguage\":\"fi\",\"@id\":\"https:\/\/skargardssamarbetet.org\/fi\/tama-on-nss-lisatietoa-meista\/#primaryimage\",\"url\":\"https:\/\/skargardssamarbetet.org\/wp-content\/uploads\/2025\/07\/karta.png\",\"contentUrl\":\"https:\/\/skargardssamarbetet.org\/wp-content\/uploads\/2025\/07\/karta.png\"},{\"@type\":\"BreadcrumbList\",\"@id\":\"https:\/\/skargardssamarbetet.org\/fi\/tama-on-nss-lisatietoa-meista\/#breadcrumb\",\"itemListElement\":[{\"@type\":\"ListItem\",\"position\":1,\"name\":\"Hem\",\"item\":\"https:\/\/skargardssamarbetet.org\/fi\/\"},{\"@type\":\"ListItem\",\"position\":2,\"name\":\"T\u00e4m\u00e4 on NSS \u2013 lis\u00e4tietoa meist\u00e4\"}]},{\"@type\":\"WebSite\",\"@id\":\"https:\/\/skargardssamarbetet.org\/#website\",\"url\":\"https:\/\/skargardssamarbetet.org\/\",\"name\":\"Nordiska Sk\u00e4rg\u00e5rdssamarbetet\",\"description\":\"\",\"potentialAction\":[{\"@type\":\"SearchAction\",\"target\":{\"@type\":\"EntryPoint\",\"urlTemplate\":\"https:\/\/skargardssamarbetet.org\/?s={search_term_string}\"},\"query-input\":{\"@type\":\"PropertyValueSpecification\",\"valueRequired\":true,\"valueName\":\"search_term_string\"}}],\"inLanguage\":\"fi\"}]}<\/script>\n<!-- \/ Yoast SEO plugin. -->","yoast_head_json":{"title":"T\u00e4m\u00e4 on NSS \u2013 lis\u00e4tietoa meist\u00e4 - Nordiska Sk\u00e4rg\u00e5rdssamarbetet","robots":{"index":"index","follow":"follow","max-snippet":"max-snippet:-1","max-image-preview":"max-image-preview:large","max-video-preview":"max-video-preview:-1"},"canonical":"https:\/\/skargardssamarbetet.org\/fi\/tama-on-nss-lisatietoa-meista\/","og_locale":"fi_FI","og_type":"article","og_title":"T\u00e4m\u00e4 on NSS \u2013 lis\u00e4tietoa meist\u00e4 - Nordiska Sk\u00e4rg\u00e5rdssamarbetet","og_description":"Saaristoyhteisty\u00f6 \u2013 el\u00e4v\u00e4t yhteydet yhteisen meremme yli Pohjoismainen Saaristoyhteisty\u00f6 on rajat ylitt\u00e4v\u00e4 viranomaisyhteisty\u00f6, joka kattaa saaristoalueet Tukholman, Uppsalan, S\u00f6rmlannin ja \u00d6sterg\u00f6tlandin l\u00e4\u00e4neiss\u00e4, Varsinais-Suomen, Uudenmaan ja Kymenlaakson maakunnissa sek\u00e4 Ahvenanmaalla. Rannikkoalue ulottuu linnuntiet\u00e4 800 km, ja saaristossa asuu noin 50 000 ihmist\u00e4 ymp\u00e4ri vuoden. Toivomme, ett\u00e4 m\u00e4\u00e4r\u00e4 kasvaa tulevaisuudessa. Organisaatio pyrkii lis\u00e4\u00e4m\u00e4\u00e4n yhteisty\u00f6t\u00e4 alueensa maiden ja [&hellip;]","og_url":"https:\/\/skargardssamarbetet.org\/fi\/tama-on-nss-lisatietoa-meista\/","og_site_name":"Nordiska Sk\u00e4rg\u00e5rdssamarbetet","article_modified_time":"2025-12-09T11:33:00+00:00","og_image":[{"width":1920,"height":1080,"url":"https:\/\/skargardssamarbetet.org\/wp-content\/uploads\/2025\/07\/karta.png","type":"image\/png"}],"twitter_card":"summary_large_image","twitter_misc":{"Arvioitu lukuaika":"3 minuuttia"},"schema":{"@context":"https:\/\/schema.org","@graph":[{"@type":"WebPage","@id":"https:\/\/skargardssamarbetet.org\/fi\/tama-on-nss-lisatietoa-meista\/","url":"https:\/\/skargardssamarbetet.org\/fi\/tama-on-nss-lisatietoa-meista\/","name":"T\u00e4m\u00e4 on NSS \u2013 lis\u00e4tietoa meist\u00e4 - Nordiska Sk\u00e4rg\u00e5rdssamarbetet","isPartOf":{"@id":"https:\/\/skargardssamarbetet.org\/#website"},"primaryImageOfPage":{"@id":"https:\/\/skargardssamarbetet.org\/fi\/tama-on-nss-lisatietoa-meista\/#primaryimage"},"image":{"@id":"https:\/\/skargardssamarbetet.org\/fi\/tama-on-nss-lisatietoa-meista\/#primaryimage"},"thumbnailUrl":"https:\/\/skargardssamarbetet.org\/wp-content\/uploads\/2025\/07\/karta.png","datePublished":"2025-05-07T08:26:29+00:00","dateModified":"2025-12-09T11:33:00+00:00","breadcrumb":{"@id":"https:\/\/skargardssamarbetet.org\/fi\/tama-on-nss-lisatietoa-meista\/#breadcrumb"},"inLanguage":"fi","potentialAction":[{"@type":"ReadAction","target":["https:\/\/skargardssamarbetet.org\/fi\/tama-on-nss-lisatietoa-meista\/"]}]},{"@type":"ImageObject","inLanguage":"fi","@id":"https:\/\/skargardssamarbetet.org\/fi\/tama-on-nss-lisatietoa-meista\/#primaryimage","url":"https:\/\/skargardssamarbetet.org\/wp-content\/uploads\/2025\/07\/karta.png","contentUrl":"https:\/\/skargardssamarbetet.org\/wp-content\/uploads\/2025\/07\/karta.png"},{"@type":"BreadcrumbList","@id":"https:\/\/skargardssamarbetet.org\/fi\/tama-on-nss-lisatietoa-meista\/#breadcrumb","itemListElement":[{"@type":"ListItem","position":1,"name":"Hem","item":"https:\/\/skargardssamarbetet.org\/fi\/"},{"@type":"ListItem","position":2,"name":"T\u00e4m\u00e4 on NSS \u2013 lis\u00e4tietoa meist\u00e4"}]},{"@type":"WebSite","@id":"https:\/\/skargardssamarbetet.org\/#website","url":"https:\/\/skargardssamarbetet.org\/","name":"Nordiska Sk\u00e4rg\u00e5rdssamarbetet","description":"","potentialAction":[{"@type":"SearchAction","target":{"@type":"EntryPoint","urlTemplate":"https:\/\/skargardssamarbetet.org\/?s={search_term_string}"},"query-input":{"@type":"PropertyValueSpecification","valueRequired":true,"valueName":"search_term_string"}}],"inLanguage":"fi"}]}},"_links":{"self":[{"href":"https:\/\/skargardssamarbetet.org\/fi\/wp-json\/wp\/v2\/pages\/540","targetHints":{"allow":["GET"]}}],"collection":[{"href":"https:\/\/skargardssamarbetet.org\/fi\/wp-json\/wp\/v2\/pages"}],"about":[{"href":"https:\/\/skargardssamarbetet.org\/fi\/wp-json\/wp\/v2\/types\/page"}],"author":[{"embeddable":true,"href":"https:\/\/skargardssamarbetet.org\/fi\/wp-json\/wp\/v2\/users\/1"}],"replies":[{"embeddable":true,"href":"https:\/\/skargardssamarbetet.org\/fi\/wp-json\/wp\/v2\/comments?post=540"}],"version-history":[{"count":1,"href":"https:\/\/skargardssamarbetet.org\/fi\/wp-json\/wp\/v2\/pages\/540\/revisions"}],"predecessor-version":[{"id":541,"href":"https:\/\/skargardssamarbetet.org\/fi\/wp-json\/wp\/v2\/pages\/540\/revisions\/541"}],"wp:attachment":[{"href":"https:\/\/skargardssamarbetet.org\/fi\/wp-json\/wp\/v2\/media?parent=540"}],"curies":[{"name":"wp","href":"https:\/\/api.w.org\/{rel}","templated":true}]}}