{"id":544,"date":"2025-04-01T08:19:58","date_gmt":"2025-04-01T06:19:58","guid":{"rendered":"https:\/\/skargardssamarbetet.org\/tama-on-nss-lisatietoa-meista\/poytakirjat-ja-suunnitelmat\/"},"modified":"2025-12-09T12:35:43","modified_gmt":"2025-12-09T11:35:43","slug":"poytakirjat-ja-suunnitelmat","status":"publish","type":"page","link":"https:\/\/skargardssamarbetet.org\/fi\/tama-on-nss-lisatietoa-meista\/poytakirjat-ja-suunnitelmat\/","title":{"rendered":"P\u00f6yt\u00e4kirjat ja suunnitelmat"},"content":{"rendered":"\n<p>T\u00e4\u00e4ll\u00e4 ker\u00e4\u00e4mme t\u00e4rkeimm\u00e4t asiakirjat, jotka eiv\u00e4t liity suoraan projekteihimme, kuten toimintasuunnitelmat ja p\u00f6yt\u00e4kirjat yhteisty\u00f6toimikunnan tai yhteisty\u00f6neuvoston kokouksista. T\u00e4ll\u00e4 hetkell\u00e4 ne ovat saatavilla vain ruotsiksi.<\/p>\n\n<h2 class=\"wp-block-heading\">Toimintasuunnitelmat<\/h2>\n\n<p><a href=\"https:\/\/skargardssamarbetet.org\/wp-content\/uploads\/2025\/07\/nss-verksamhetsplan-2025-bilaga-5.pdf\">Verksamhetsplan 2025<\/a> (PDF)<\/p>\n\n<p><a href=\"https:\/\/skargardssamarbetet.org\/wp-content\/uploads\/2025\/07\/nss-verksamhetsplan-2024-oktober.pdf\">Verksamhetsplan 2024<\/a> (PDF)<\/p>\n\n<p><a href=\"https:\/\/skargardssamarbetet.org\/wp-content\/uploads\/2025\/07\/nss-verksamhetsplan-2023.pdf\">Verksamhetsplan 2023<\/a> (PDF)<\/p>\n\n<h2 class=\"wp-block-heading\">Neuvoston kokousten p\u00f6yt\u00e4kirjat<\/h2>\n\n<p><a href=\"https:\/\/skargardssamarbetet.org\/wp-content\/uploads\/2025\/07\/nss-radsmotesprotokoll-2025.pdf\">R\u00e5dsm\u00f6tesprotokoll 2025<\/a> (PDF)<\/p>\n\n<p><a href=\"https:\/\/skargardssamarbetet.org\/wp-content\/uploads\/2025\/07\/nss-radsmotesprotokoll-2024.pdf\">R\u00e5dsm\u00f6tesprotokoll 2024<\/a> (PDF)<\/p>\n\n<p><a href=\"https:\/\/skargardssamarbetet.org\/wp-content\/uploads\/2025\/07\/nss-radsmotesprotokoll-2023.pdf\">R\u00e5dsm\u00f6tesprotokoll 2023<\/a> (PDF)<\/p>\n\n<p><\/p>\n","protected":false},"excerpt":{"rendered":"<p>T\u00e4\u00e4ll\u00e4 ker\u00e4\u00e4mme t\u00e4rkeimm\u00e4t asiakirjat, jotka eiv\u00e4t liity suoraan projekteihimme, kuten toimintasuunnitelmat ja p\u00f6yt\u00e4kirjat yhteisty\u00f6toimikunnan tai yhteisty\u00f6neuvoston kokouksista. T\u00e4ll\u00e4 hetkell\u00e4 ne ovat saatavilla vain ruotsiksi. Toimintasuunnitelmat Verksamhetsplan 2025 (PDF) Verksamhetsplan 2024 (PDF) Verksamhetsplan 2023 (PDF) Neuvoston kokousten p\u00f6yt\u00e4kirjat R\u00e5dsm\u00f6tesprotokoll 2025 (PDF) R\u00e5dsm\u00f6tesprotokoll 2024 (PDF) R\u00e5dsm\u00f6tesprotokoll 2023 (PDF)<\/p>\n","protected":false},"author":1,"featured_media":0,"parent":540,"menu_order":0,"comment_status":"closed","ping_status":"closed","template":"","meta":{"_acf_changed":false,"footnotes":""},"class_list":["post-544","page","type-page","status-publish","hentry"],"acf":[],"yoast_head":"<!-- This site is optimized with the Yoast SEO plugin v27.2 - https:\/\/yoast.com\/product\/yoast-seo-wordpress\/ -->\n<title>P\u00f6yt\u00e4kirjat ja suunnitelmat - Nordiska Sk\u00e4rg\u00e5rdssamarbetet<\/title>\n<meta name=\"robots\" content=\"index, follow, max-snippet:-1, max-image-preview:large, max-video-preview:-1\" \/>\n<link rel=\"canonical\" href=\"https:\/\/skargardssamarbetet.org\/fi\/tama-on-nss-lisatietoa-meista\/poytakirjat-ja-suunnitelmat\/\" \/>\n<meta property=\"og:locale\" content=\"fi_FI\" \/>\n<meta property=\"og:type\" content=\"article\" \/>\n<meta property=\"og:title\" content=\"P\u00f6yt\u00e4kirjat ja suunnitelmat - Nordiska Sk\u00e4rg\u00e5rdssamarbetet\" \/>\n<meta property=\"og:description\" content=\"T\u00e4\u00e4ll\u00e4 ker\u00e4\u00e4mme t\u00e4rkeimm\u00e4t asiakirjat, jotka eiv\u00e4t liity suoraan projekteihimme, kuten toimintasuunnitelmat ja p\u00f6yt\u00e4kirjat yhteisty\u00f6toimikunnan tai yhteisty\u00f6neuvoston kokouksista. T\u00e4ll\u00e4 hetkell\u00e4 ne ovat saatavilla vain ruotsiksi. Toimintasuunnitelmat Verksamhetsplan 2025 (PDF) Verksamhetsplan 2024 (PDF) Verksamhetsplan 2023 (PDF) Neuvoston kokousten p\u00f6yt\u00e4kirjat R\u00e5dsm\u00f6tesprotokoll 2025 (PDF) R\u00e5dsm\u00f6tesprotokoll 2024 (PDF) R\u00e5dsm\u00f6tesprotokoll 2023 (PDF)\" \/>\n<meta property=\"og:url\" content=\"https:\/\/skargardssamarbetet.org\/fi\/tama-on-nss-lisatietoa-meista\/poytakirjat-ja-suunnitelmat\/\" \/>\n<meta property=\"og:site_name\" content=\"Nordiska Sk\u00e4rg\u00e5rdssamarbetet\" \/>\n<meta property=\"article:modified_time\" content=\"2025-12-09T11:35:43+00:00\" \/>\n<meta name=\"twitter:card\" content=\"summary_large_image\" \/>\n<script type=\"application\/ld+json\" class=\"yoast-schema-graph\">{\"@context\":\"https:\/\/schema.org\",\"@graph\":[{\"@type\":\"WebPage\",\"@id\":\"https:\/\/skargardssamarbetet.org\/fi\/tama-on-nss-lisatietoa-meista\/poytakirjat-ja-suunnitelmat\/\",\"url\":\"https:\/\/skargardssamarbetet.org\/fi\/tama-on-nss-lisatietoa-meista\/poytakirjat-ja-suunnitelmat\/\",\"name\":\"P\u00f6yt\u00e4kirjat ja suunnitelmat - Nordiska Sk\u00e4rg\u00e5rdssamarbetet\",\"isPartOf\":{\"@id\":\"https:\/\/skargardssamarbetet.org\/#website\"},\"datePublished\":\"2025-04-01T06:19:58+00:00\",\"dateModified\":\"2025-12-09T11:35:43+00:00\",\"breadcrumb\":{\"@id\":\"https:\/\/skargardssamarbetet.org\/fi\/tama-on-nss-lisatietoa-meista\/poytakirjat-ja-suunnitelmat\/#breadcrumb\"},\"inLanguage\":\"fi\",\"potentialAction\":[{\"@type\":\"ReadAction\",\"target\":[\"https:\/\/skargardssamarbetet.org\/fi\/tama-on-nss-lisatietoa-meista\/poytakirjat-ja-suunnitelmat\/\"]}]},{\"@type\":\"BreadcrumbList\",\"@id\":\"https:\/\/skargardssamarbetet.org\/fi\/tama-on-nss-lisatietoa-meista\/poytakirjat-ja-suunnitelmat\/#breadcrumb\",\"itemListElement\":[{\"@type\":\"ListItem\",\"position\":1,\"name\":\"Hem\",\"item\":\"https:\/\/skargardssamarbetet.org\/fi\/\"},{\"@type\":\"ListItem\",\"position\":2,\"name\":\"T\u00e4m\u00e4 on NSS \u2013 lis\u00e4tietoa meist\u00e4\",\"item\":\"https:\/\/skargardssamarbetet.org\/fi\/tama-on-nss-lisatietoa-meista\/\"},{\"@type\":\"ListItem\",\"position\":3,\"name\":\"P\u00f6yt\u00e4kirjat ja suunnitelmat\"}]},{\"@type\":\"WebSite\",\"@id\":\"https:\/\/skargardssamarbetet.org\/#website\",\"url\":\"https:\/\/skargardssamarbetet.org\/\",\"name\":\"Nordiska Sk\u00e4rg\u00e5rdssamarbetet\",\"description\":\"\",\"potentialAction\":[{\"@type\":\"SearchAction\",\"target\":{\"@type\":\"EntryPoint\",\"urlTemplate\":\"https:\/\/skargardssamarbetet.org\/?s={search_term_string}\"},\"query-input\":{\"@type\":\"PropertyValueSpecification\",\"valueRequired\":true,\"valueName\":\"search_term_string\"}}],\"inLanguage\":\"fi\"}]}<\/script>\n<!-- \/ Yoast SEO plugin. -->","yoast_head_json":{"title":"P\u00f6yt\u00e4kirjat ja suunnitelmat - Nordiska Sk\u00e4rg\u00e5rdssamarbetet","robots":{"index":"index","follow":"follow","max-snippet":"max-snippet:-1","max-image-preview":"max-image-preview:large","max-video-preview":"max-video-preview:-1"},"canonical":"https:\/\/skargardssamarbetet.org\/fi\/tama-on-nss-lisatietoa-meista\/poytakirjat-ja-suunnitelmat\/","og_locale":"fi_FI","og_type":"article","og_title":"P\u00f6yt\u00e4kirjat ja suunnitelmat - Nordiska Sk\u00e4rg\u00e5rdssamarbetet","og_description":"T\u00e4\u00e4ll\u00e4 ker\u00e4\u00e4mme t\u00e4rkeimm\u00e4t asiakirjat, jotka eiv\u00e4t liity suoraan projekteihimme, kuten toimintasuunnitelmat ja p\u00f6yt\u00e4kirjat yhteisty\u00f6toimikunnan tai yhteisty\u00f6neuvoston kokouksista. T\u00e4ll\u00e4 hetkell\u00e4 ne ovat saatavilla vain ruotsiksi. Toimintasuunnitelmat Verksamhetsplan 2025 (PDF) Verksamhetsplan 2024 (PDF) Verksamhetsplan 2023 (PDF) Neuvoston kokousten p\u00f6yt\u00e4kirjat R\u00e5dsm\u00f6tesprotokoll 2025 (PDF) R\u00e5dsm\u00f6tesprotokoll 2024 (PDF) R\u00e5dsm\u00f6tesprotokoll 2023 (PDF)","og_url":"https:\/\/skargardssamarbetet.org\/fi\/tama-on-nss-lisatietoa-meista\/poytakirjat-ja-suunnitelmat\/","og_site_name":"Nordiska Sk\u00e4rg\u00e5rdssamarbetet","article_modified_time":"2025-12-09T11:35:43+00:00","twitter_card":"summary_large_image","schema":{"@context":"https:\/\/schema.org","@graph":[{"@type":"WebPage","@id":"https:\/\/skargardssamarbetet.org\/fi\/tama-on-nss-lisatietoa-meista\/poytakirjat-ja-suunnitelmat\/","url":"https:\/\/skargardssamarbetet.org\/fi\/tama-on-nss-lisatietoa-meista\/poytakirjat-ja-suunnitelmat\/","name":"P\u00f6yt\u00e4kirjat ja suunnitelmat - Nordiska Sk\u00e4rg\u00e5rdssamarbetet","isPartOf":{"@id":"https:\/\/skargardssamarbetet.org\/#website"},"datePublished":"2025-04-01T06:19:58+00:00","dateModified":"2025-12-09T11:35:43+00:00","breadcrumb":{"@id":"https:\/\/skargardssamarbetet.org\/fi\/tama-on-nss-lisatietoa-meista\/poytakirjat-ja-suunnitelmat\/#breadcrumb"},"inLanguage":"fi","potentialAction":[{"@type":"ReadAction","target":["https:\/\/skargardssamarbetet.org\/fi\/tama-on-nss-lisatietoa-meista\/poytakirjat-ja-suunnitelmat\/"]}]},{"@type":"BreadcrumbList","@id":"https:\/\/skargardssamarbetet.org\/fi\/tama-on-nss-lisatietoa-meista\/poytakirjat-ja-suunnitelmat\/#breadcrumb","itemListElement":[{"@type":"ListItem","position":1,"name":"Hem","item":"https:\/\/skargardssamarbetet.org\/fi\/"},{"@type":"ListItem","position":2,"name":"T\u00e4m\u00e4 on NSS \u2013 lis\u00e4tietoa meist\u00e4","item":"https:\/\/skargardssamarbetet.org\/fi\/tama-on-nss-lisatietoa-meista\/"},{"@type":"ListItem","position":3,"name":"P\u00f6yt\u00e4kirjat ja suunnitelmat"}]},{"@type":"WebSite","@id":"https:\/\/skargardssamarbetet.org\/#website","url":"https:\/\/skargardssamarbetet.org\/","name":"Nordiska Sk\u00e4rg\u00e5rdssamarbetet","description":"","potentialAction":[{"@type":"SearchAction","target":{"@type":"EntryPoint","urlTemplate":"https:\/\/skargardssamarbetet.org\/?s={search_term_string}"},"query-input":{"@type":"PropertyValueSpecification","valueRequired":true,"valueName":"search_term_string"}}],"inLanguage":"fi"}]}},"_links":{"self":[{"href":"https:\/\/skargardssamarbetet.org\/fi\/wp-json\/wp\/v2\/pages\/544","targetHints":{"allow":["GET"]}}],"collection":[{"href":"https:\/\/skargardssamarbetet.org\/fi\/wp-json\/wp\/v2\/pages"}],"about":[{"href":"https:\/\/skargardssamarbetet.org\/fi\/wp-json\/wp\/v2\/types\/page"}],"author":[{"embeddable":true,"href":"https:\/\/skargardssamarbetet.org\/fi\/wp-json\/wp\/v2\/users\/1"}],"replies":[{"embeddable":true,"href":"https:\/\/skargardssamarbetet.org\/fi\/wp-json\/wp\/v2\/comments?post=544"}],"version-history":[{"count":1,"href":"https:\/\/skargardssamarbetet.org\/fi\/wp-json\/wp\/v2\/pages\/544\/revisions"}],"predecessor-version":[{"id":545,"href":"https:\/\/skargardssamarbetet.org\/fi\/wp-json\/wp\/v2\/pages\/544\/revisions\/545"}],"up":[{"embeddable":true,"href":"https:\/\/skargardssamarbetet.org\/fi\/wp-json\/wp\/v2\/pages\/540"}],"wp:attachment":[{"href":"https:\/\/skargardssamarbetet.org\/fi\/wp-json\/wp\/v2\/media?parent=544"}],"curies":[{"name":"wp","href":"https:\/\/api.w.org\/{rel}","templated":true}]}}