{"id":548,"date":"2025-05-19T15:16:06","date_gmt":"2025-05-19T13:16:06","guid":{"rendered":"https:\/\/skargardssamarbetet.org\/tama-on-nss-lisatietoa-meista\/yhteistyoneuvosto\/"},"modified":"2025-12-09T12:44:49","modified_gmt":"2025-12-09T11:44:49","slug":"yhteistyoneuvosto","status":"publish","type":"page","link":"https:\/\/skargardssamarbetet.org\/fi\/tama-on-nss-lisatietoa-meista\/yhteistyoneuvosto\/","title":{"rendered":"Yhteisty\u00f6neuvosto"},"content":{"rendered":"\n<p>Pohjoismaisen Saaristoyhteisty\u00f6n korkein p\u00e4\u00e4t\u00f6ksentekoelin on Yhteisty\u00f6neuvosto. Yhteisty\u00f6neuvostossa on enint\u00e4\u00e4n 21 j\u00e4sent\u00e4, joista enint\u00e4\u00e4n seitsem\u00e4n kustakin kolmesta aluelohkosta.<\/p>\n\n<p>Neuvoston toimikausi noudattaa niit\u00e4 toimielimi\u00e4, jotka nime\u00e4v\u00e4t edustajansa.<br data-start=\"255\" data-end=\"258\" data-is-only-node=\"\"\/>Neuvoston on pidett\u00e4v\u00e4 v\u00e4hint\u00e4\u00e4n yksi varsinainen kokous vuodessa.<\/p>\n\n<p>Neuvoston kokousten p\u00f6yt\u00e4kirjat l\u00f6yd\u00e4t t\u00e4\u00e4lt\u00e4.<\/p>\n\n<figure class=\"wp-block-image size-large\"><img loading=\"lazy\" decoding=\"async\" width=\"1024\" height=\"768\" src=\"https:\/\/skargardssamarbetet.org\/wp-content\/uploads\/2025\/05\/nss-styrelsemote-pa-brando-egts-1024x768.jpg\" alt=\"\" class=\"wp-image-53\" srcset=\"https:\/\/skargardssamarbetet.org\/wp-content\/uploads\/2025\/05\/nss-styrelsemote-pa-brando-egts-1024x768.jpg 1024w, https:\/\/skargardssamarbetet.org\/wp-content\/uploads\/2025\/05\/nss-styrelsemote-pa-brando-egts-300x225.jpg 300w, https:\/\/skargardssamarbetet.org\/wp-content\/uploads\/2025\/05\/nss-styrelsemote-pa-brando-egts-768x576.jpg 768w, https:\/\/skargardssamarbetet.org\/wp-content\/uploads\/2025\/05\/nss-styrelsemote-pa-brando-egts-1536x1152.jpg 1536w, https:\/\/skargardssamarbetet.org\/wp-content\/uploads\/2025\/05\/nss-styrelsemote-pa-brando-egts.jpg 2048w\" sizes=\"auto, (max-width: 1024px) 100vw, 1024px\" \/><\/figure>\n\n<h2 class=\"wp-block-heading\">Yhteisty\u00f6neuvoston j\u00e4senet 2025<\/h2>\n\n<p class=\"has-vivid-cyan-blue-background-color has-background has-medium-font-size\"><strong>SVERIGE<\/strong><\/p>\n\n<figure class=\"wp-block-table\"><table class=\"has-fixed-layout\"><thead><tr><th>VARSINAINEN J\u00c4SEN<\/th><th>VARAJ\u00c4SEN<\/th><\/tr><\/thead><tbody><tr><td><strong><em>L\u00e4nsstyrelsen i Stockholm<\/em><\/strong><\/td><td><\/td><\/tr><tr><td>Landsh\u00f6vdingen N.N<\/td><td>1a Anna Conzen<\/td><\/tr><tr><td><\/td><td>2a Linda B\u00f6rjesson<\/td><\/tr><tr><td><\/td><td>3e Patrik Cederl\u00f6f<\/td><\/tr><tr><td><strong><em>Region Stockholm<\/em><\/strong><\/td><td><\/td><\/tr><tr><td>Harry Bouveng<\/td><td>Marie Bladholm<\/td><\/tr><tr><td>Anders Garst\u00e5l<\/td><td>Robert Johansson<\/td><\/tr><tr><td>M\u00e4rta Martin-Granlund\u00a0<\/td><td>Mats Abrahamssons\u00a0<\/td><\/tr><tr><td><strong><em>Sk\u00e4rg\u00e5rdsstiftelsen i Stockholms l\u00e4n<\/em><\/strong><\/td><td><\/td><\/tr><tr><td>Jan Zetterman<\/td><td>Ulrika Palmblad-Wennergren<\/td><\/tr><tr><td><strong><em>L\u00e4nsstyrelsen i\u00a0 Uppsala<\/em><\/strong><\/td><td><\/td><\/tr><tr><td>Stefan Attefall<\/td><td>Cecilia Magnusson<\/td><\/tr><tr><td><\/td><td>2a: ers\u00e4ttare: Michael Persson<\/td><\/tr><tr><td><strong><em>Region S\u00f6rmland<\/em><\/strong><\/td><td><\/td><\/tr><tr><td>Ann-Cathrin Rothlind<\/td><td>Linus Fogel<\/td><\/tr><tr><td><strong><em>Region \u00d6sterg\u00f6tland<\/em><\/strong><\/td><td><\/td><\/tr><tr><td>Anette Olsson<\/td><td>Jan-Owe Larsson<\/td><\/tr><\/tbody><\/table><\/figure>\n\n<p class=\"has-vivid-cyan-blue-background-color has-background has-medium-font-size\"><strong>\u00c5LAND<\/strong><\/p>\n\n<figure class=\"wp-block-table\"><table class=\"has-fixed-layout\"><tbody><tr><td><strong><em>\u00c5land<\/em><\/strong><\/td><td><\/td><\/tr><tr><td>Mia Hanstr\u00f6m<\/td><td>Johan Sandberg<\/td><\/tr><tr><td><strong><em>\u00c5lands sk\u00e4rg\u00e5rdskommuner<\/em><\/strong><\/td><td><\/td><\/tr><tr><td>Niclas Karlsson<\/td><td>Andreas Henriksson<\/td><\/tr><tr><td>Mikael Lindholm<\/td><td>John Wrede<\/td><\/tr><tr><td>Kennet Lundstr\u00f6m<\/td><td>Gun-Mari Lindholm<\/td><\/tr><\/tbody><\/table><\/figure>\n\n<p class=\"has-vivid-cyan-blue-background-color has-background has-medium-font-size\"><strong>FINLAND<\/strong><\/p>\n\n<figure class=\"wp-block-table\"><table class=\"has-fixed-layout\"><tbody><tr><td><strong><em>Egentliga Finland<\/em><\/strong><\/td><td><\/td><\/tr><tr><td>Jyri Arponen<\/td><td>Sonja Palhus<\/td><\/tr><tr><td>Erik Lund<\/td><td>Sven Ivars<\/td><\/tr><tr><td>Tommy Bj\u00f6rkskog<\/td><td>Tiina Rinne-Kyl\u00e4np\u00e4\u00e4\u00a0<\/td><\/tr><tr><td>Benjamin Donner<\/td><td>Laura Wickstr\u00f6m\u00a0<\/td><\/tr><tr><td><strong><em>Nylands F\u00f6rbund<\/em><\/strong><\/td><td><\/td><\/tr><tr><td>Tuija Tel\u00e9n<\/td><td>Janne Tamminen<\/td><\/tr><tr><td><strong><em>Egentliga Finlands NTM-central<\/em><\/strong><\/td><td><\/td><\/tr><tr><td>NN<\/td><td>NN<\/td><\/tr><tr><td><strong><em>Nylands NTM-central<\/em><\/strong><\/td><td><\/td><\/tr><tr><td>NN<\/td><td>NN<\/td><\/tr><tr><td><strong><em>Kymmenedalens F\u00f6rbund<\/em><\/strong><\/td><td><\/td><\/tr><tr><td>Jaakko Mikkkola<\/td><td>Petri Tolmunen<\/td><\/tr><\/tbody><\/table><\/figure>\n","protected":false},"excerpt":{"rendered":"<p>Pohjoismaisen Saaristoyhteisty\u00f6n korkein p\u00e4\u00e4t\u00f6ksentekoelin on Yhteisty\u00f6neuvosto. Yhteisty\u00f6neuvostossa on enint\u00e4\u00e4n 21 j\u00e4sent\u00e4, joista enint\u00e4\u00e4n seitsem\u00e4n kustakin kolmesta aluelohkosta. Neuvoston toimikausi noudattaa niit\u00e4 toimielimi\u00e4, jotka nime\u00e4v\u00e4t edustajansa.Neuvoston on pidett\u00e4v\u00e4 v\u00e4hint\u00e4\u00e4n yksi varsinainen kokous vuodessa. Neuvoston kokousten p\u00f6yt\u00e4kirjat l\u00f6yd\u00e4t t\u00e4\u00e4lt\u00e4. Yhteisty\u00f6neuvoston j\u00e4senet 2025 SVERIGE VARSINAINEN J\u00c4SEN VARAJ\u00c4SEN L\u00e4nsstyrelsen i Stockholm Landsh\u00f6vdingen N.N 1a Anna Conzen 2a Linda B\u00f6rjesson [&hellip;]<\/p>\n","protected":false},"author":1,"featured_media":0,"parent":540,"menu_order":0,"comment_status":"closed","ping_status":"closed","template":"","meta":{"_acf_changed":false,"footnotes":""},"class_list":["post-548","page","type-page","status-publish","hentry"],"acf":[],"yoast_head":"<!-- This site is optimized with the Yoast SEO plugin v27.2 - https:\/\/yoast.com\/product\/yoast-seo-wordpress\/ -->\n<title>Yhteisty\u00f6neuvosto - Nordiska Sk\u00e4rg\u00e5rdssamarbetet<\/title>\n<meta name=\"robots\" content=\"index, follow, max-snippet:-1, max-image-preview:large, max-video-preview:-1\" \/>\n<link rel=\"canonical\" href=\"https:\/\/skargardssamarbetet.org\/fi\/tama-on-nss-lisatietoa-meista\/yhteistyoneuvosto\/\" \/>\n<meta property=\"og:locale\" content=\"fi_FI\" \/>\n<meta property=\"og:type\" content=\"article\" \/>\n<meta property=\"og:title\" content=\"Yhteisty\u00f6neuvosto - Nordiska Sk\u00e4rg\u00e5rdssamarbetet\" \/>\n<meta property=\"og:description\" content=\"Pohjoismaisen Saaristoyhteisty\u00f6n korkein p\u00e4\u00e4t\u00f6ksentekoelin on Yhteisty\u00f6neuvosto. Yhteisty\u00f6neuvostossa on enint\u00e4\u00e4n 21 j\u00e4sent\u00e4, joista enint\u00e4\u00e4n seitsem\u00e4n kustakin kolmesta aluelohkosta. Neuvoston toimikausi noudattaa niit\u00e4 toimielimi\u00e4, jotka nime\u00e4v\u00e4t edustajansa.Neuvoston on pidett\u00e4v\u00e4 v\u00e4hint\u00e4\u00e4n yksi varsinainen kokous vuodessa. Neuvoston kokousten p\u00f6yt\u00e4kirjat l\u00f6yd\u00e4t t\u00e4\u00e4lt\u00e4. Yhteisty\u00f6neuvoston j\u00e4senet 2025 SVERIGE VARSINAINEN J\u00c4SEN VARAJ\u00c4SEN L\u00e4nsstyrelsen i Stockholm Landsh\u00f6vdingen N.N 1a Anna Conzen 2a Linda B\u00f6rjesson [&hellip;]\" \/>\n<meta property=\"og:url\" content=\"https:\/\/skargardssamarbetet.org\/fi\/tama-on-nss-lisatietoa-meista\/yhteistyoneuvosto\/\" \/>\n<meta property=\"og:site_name\" content=\"Nordiska Sk\u00e4rg\u00e5rdssamarbetet\" \/>\n<meta property=\"article:modified_time\" content=\"2025-12-09T11:44:49+00:00\" \/>\n<meta property=\"og:image\" content=\"https:\/\/skargardssamarbetet.org\/wp-content\/uploads\/2025\/05\/nss-styrelsemote-pa-brando-egts.jpg\" \/>\n\t<meta property=\"og:image:width\" content=\"2048\" \/>\n\t<meta property=\"og:image:height\" content=\"1536\" \/>\n\t<meta property=\"og:image:type\" content=\"image\/jpeg\" \/>\n<meta name=\"twitter:card\" content=\"summary_large_image\" \/>\n<meta name=\"twitter:label1\" content=\"Arvioitu lukuaika\" \/>\n\t<meta name=\"twitter:data1\" content=\"1 minuutti\" \/>\n<script type=\"application\/ld+json\" class=\"yoast-schema-graph\">{\"@context\":\"https:\/\/schema.org\",\"@graph\":[{\"@type\":\"WebPage\",\"@id\":\"https:\/\/skargardssamarbetet.org\/fi\/tama-on-nss-lisatietoa-meista\/yhteistyoneuvosto\/\",\"url\":\"https:\/\/skargardssamarbetet.org\/fi\/tama-on-nss-lisatietoa-meista\/yhteistyoneuvosto\/\",\"name\":\"Yhteisty\u00f6neuvosto - Nordiska Sk\u00e4rg\u00e5rdssamarbetet\",\"isPartOf\":{\"@id\":\"https:\/\/skargardssamarbetet.org\/#website\"},\"primaryImageOfPage\":{\"@id\":\"https:\/\/skargardssamarbetet.org\/fi\/tama-on-nss-lisatietoa-meista\/yhteistyoneuvosto\/#primaryimage\"},\"image\":{\"@id\":\"https:\/\/skargardssamarbetet.org\/fi\/tama-on-nss-lisatietoa-meista\/yhteistyoneuvosto\/#primaryimage\"},\"thumbnailUrl\":\"https:\/\/skargardssamarbetet.org\/wp-content\/uploads\/2025\/05\/nss-styrelsemote-pa-brando-egts-1024x768.jpg\",\"datePublished\":\"2025-05-19T13:16:06+00:00\",\"dateModified\":\"2025-12-09T11:44:49+00:00\",\"breadcrumb\":{\"@id\":\"https:\/\/skargardssamarbetet.org\/fi\/tama-on-nss-lisatietoa-meista\/yhteistyoneuvosto\/#breadcrumb\"},\"inLanguage\":\"fi\",\"potentialAction\":[{\"@type\":\"ReadAction\",\"target\":[\"https:\/\/skargardssamarbetet.org\/fi\/tama-on-nss-lisatietoa-meista\/yhteistyoneuvosto\/\"]}]},{\"@type\":\"ImageObject\",\"inLanguage\":\"fi\",\"@id\":\"https:\/\/skargardssamarbetet.org\/fi\/tama-on-nss-lisatietoa-meista\/yhteistyoneuvosto\/#primaryimage\",\"url\":\"https:\/\/skargardssamarbetet.org\/wp-content\/uploads\/2025\/05\/nss-styrelsemote-pa-brando-egts-1024x768.jpg\",\"contentUrl\":\"https:\/\/skargardssamarbetet.org\/wp-content\/uploads\/2025\/05\/nss-styrelsemote-pa-brando-egts-1024x768.jpg\"},{\"@type\":\"BreadcrumbList\",\"@id\":\"https:\/\/skargardssamarbetet.org\/fi\/tama-on-nss-lisatietoa-meista\/yhteistyoneuvosto\/#breadcrumb\",\"itemListElement\":[{\"@type\":\"ListItem\",\"position\":1,\"name\":\"Hem\",\"item\":\"https:\/\/skargardssamarbetet.org\/fi\/\"},{\"@type\":\"ListItem\",\"position\":2,\"name\":\"T\u00e4m\u00e4 on NSS \u2013 lis\u00e4tietoa meist\u00e4\",\"item\":\"https:\/\/skargardssamarbetet.org\/fi\/tama-on-nss-lisatietoa-meista\/\"},{\"@type\":\"ListItem\",\"position\":3,\"name\":\"Yhteisty\u00f6neuvosto\"}]},{\"@type\":\"WebSite\",\"@id\":\"https:\/\/skargardssamarbetet.org\/#website\",\"url\":\"https:\/\/skargardssamarbetet.org\/\",\"name\":\"Nordiska Sk\u00e4rg\u00e5rdssamarbetet\",\"description\":\"\",\"potentialAction\":[{\"@type\":\"SearchAction\",\"target\":{\"@type\":\"EntryPoint\",\"urlTemplate\":\"https:\/\/skargardssamarbetet.org\/?s={search_term_string}\"},\"query-input\":{\"@type\":\"PropertyValueSpecification\",\"valueRequired\":true,\"valueName\":\"search_term_string\"}}],\"inLanguage\":\"fi\"}]}<\/script>\n<!-- \/ Yoast SEO plugin. -->","yoast_head_json":{"title":"Yhteisty\u00f6neuvosto - Nordiska Sk\u00e4rg\u00e5rdssamarbetet","robots":{"index":"index","follow":"follow","max-snippet":"max-snippet:-1","max-image-preview":"max-image-preview:large","max-video-preview":"max-video-preview:-1"},"canonical":"https:\/\/skargardssamarbetet.org\/fi\/tama-on-nss-lisatietoa-meista\/yhteistyoneuvosto\/","og_locale":"fi_FI","og_type":"article","og_title":"Yhteisty\u00f6neuvosto - Nordiska Sk\u00e4rg\u00e5rdssamarbetet","og_description":"Pohjoismaisen Saaristoyhteisty\u00f6n korkein p\u00e4\u00e4t\u00f6ksentekoelin on Yhteisty\u00f6neuvosto. Yhteisty\u00f6neuvostossa on enint\u00e4\u00e4n 21 j\u00e4sent\u00e4, joista enint\u00e4\u00e4n seitsem\u00e4n kustakin kolmesta aluelohkosta. Neuvoston toimikausi noudattaa niit\u00e4 toimielimi\u00e4, jotka nime\u00e4v\u00e4t edustajansa.Neuvoston on pidett\u00e4v\u00e4 v\u00e4hint\u00e4\u00e4n yksi varsinainen kokous vuodessa. Neuvoston kokousten p\u00f6yt\u00e4kirjat l\u00f6yd\u00e4t t\u00e4\u00e4lt\u00e4. Yhteisty\u00f6neuvoston j\u00e4senet 2025 SVERIGE VARSINAINEN J\u00c4SEN VARAJ\u00c4SEN L\u00e4nsstyrelsen i Stockholm Landsh\u00f6vdingen N.N 1a Anna Conzen 2a Linda B\u00f6rjesson [&hellip;]","og_url":"https:\/\/skargardssamarbetet.org\/fi\/tama-on-nss-lisatietoa-meista\/yhteistyoneuvosto\/","og_site_name":"Nordiska Sk\u00e4rg\u00e5rdssamarbetet","article_modified_time":"2025-12-09T11:44:49+00:00","og_image":[{"width":2048,"height":1536,"url":"https:\/\/skargardssamarbetet.org\/wp-content\/uploads\/2025\/05\/nss-styrelsemote-pa-brando-egts.jpg","type":"image\/jpeg"}],"twitter_card":"summary_large_image","twitter_misc":{"Arvioitu lukuaika":"1 minuutti"},"schema":{"@context":"https:\/\/schema.org","@graph":[{"@type":"WebPage","@id":"https:\/\/skargardssamarbetet.org\/fi\/tama-on-nss-lisatietoa-meista\/yhteistyoneuvosto\/","url":"https:\/\/skargardssamarbetet.org\/fi\/tama-on-nss-lisatietoa-meista\/yhteistyoneuvosto\/","name":"Yhteisty\u00f6neuvosto - Nordiska Sk\u00e4rg\u00e5rdssamarbetet","isPartOf":{"@id":"https:\/\/skargardssamarbetet.org\/#website"},"primaryImageOfPage":{"@id":"https:\/\/skargardssamarbetet.org\/fi\/tama-on-nss-lisatietoa-meista\/yhteistyoneuvosto\/#primaryimage"},"image":{"@id":"https:\/\/skargardssamarbetet.org\/fi\/tama-on-nss-lisatietoa-meista\/yhteistyoneuvosto\/#primaryimage"},"thumbnailUrl":"https:\/\/skargardssamarbetet.org\/wp-content\/uploads\/2025\/05\/nss-styrelsemote-pa-brando-egts-1024x768.jpg","datePublished":"2025-05-19T13:16:06+00:00","dateModified":"2025-12-09T11:44:49+00:00","breadcrumb":{"@id":"https:\/\/skargardssamarbetet.org\/fi\/tama-on-nss-lisatietoa-meista\/yhteistyoneuvosto\/#breadcrumb"},"inLanguage":"fi","potentialAction":[{"@type":"ReadAction","target":["https:\/\/skargardssamarbetet.org\/fi\/tama-on-nss-lisatietoa-meista\/yhteistyoneuvosto\/"]}]},{"@type":"ImageObject","inLanguage":"fi","@id":"https:\/\/skargardssamarbetet.org\/fi\/tama-on-nss-lisatietoa-meista\/yhteistyoneuvosto\/#primaryimage","url":"https:\/\/skargardssamarbetet.org\/wp-content\/uploads\/2025\/05\/nss-styrelsemote-pa-brando-egts-1024x768.jpg","contentUrl":"https:\/\/skargardssamarbetet.org\/wp-content\/uploads\/2025\/05\/nss-styrelsemote-pa-brando-egts-1024x768.jpg"},{"@type":"BreadcrumbList","@id":"https:\/\/skargardssamarbetet.org\/fi\/tama-on-nss-lisatietoa-meista\/yhteistyoneuvosto\/#breadcrumb","itemListElement":[{"@type":"ListItem","position":1,"name":"Hem","item":"https:\/\/skargardssamarbetet.org\/fi\/"},{"@type":"ListItem","position":2,"name":"T\u00e4m\u00e4 on NSS \u2013 lis\u00e4tietoa meist\u00e4","item":"https:\/\/skargardssamarbetet.org\/fi\/tama-on-nss-lisatietoa-meista\/"},{"@type":"ListItem","position":3,"name":"Yhteisty\u00f6neuvosto"}]},{"@type":"WebSite","@id":"https:\/\/skargardssamarbetet.org\/#website","url":"https:\/\/skargardssamarbetet.org\/","name":"Nordiska Sk\u00e4rg\u00e5rdssamarbetet","description":"","potentialAction":[{"@type":"SearchAction","target":{"@type":"EntryPoint","urlTemplate":"https:\/\/skargardssamarbetet.org\/?s={search_term_string}"},"query-input":{"@type":"PropertyValueSpecification","valueRequired":true,"valueName":"search_term_string"}}],"inLanguage":"fi"}]}},"_links":{"self":[{"href":"https:\/\/skargardssamarbetet.org\/fi\/wp-json\/wp\/v2\/pages\/548","targetHints":{"allow":["GET"]}}],"collection":[{"href":"https:\/\/skargardssamarbetet.org\/fi\/wp-json\/wp\/v2\/pages"}],"about":[{"href":"https:\/\/skargardssamarbetet.org\/fi\/wp-json\/wp\/v2\/types\/page"}],"author":[{"embeddable":true,"href":"https:\/\/skargardssamarbetet.org\/fi\/wp-json\/wp\/v2\/users\/1"}],"replies":[{"embeddable":true,"href":"https:\/\/skargardssamarbetet.org\/fi\/wp-json\/wp\/v2\/comments?post=548"}],"version-history":[{"count":1,"href":"https:\/\/skargardssamarbetet.org\/fi\/wp-json\/wp\/v2\/pages\/548\/revisions"}],"predecessor-version":[{"id":549,"href":"https:\/\/skargardssamarbetet.org\/fi\/wp-json\/wp\/v2\/pages\/548\/revisions\/549"}],"up":[{"embeddable":true,"href":"https:\/\/skargardssamarbetet.org\/fi\/wp-json\/wp\/v2\/pages\/540"}],"wp:attachment":[{"href":"https:\/\/skargardssamarbetet.org\/fi\/wp-json\/wp\/v2\/media?parent=548"}],"curies":[{"name":"wp","href":"https:\/\/api.w.org\/{rel}","templated":true}]}}