{"id":556,"date":"2025-03-12T17:06:34","date_gmt":"2025-03-12T16:06:34","guid":{"rendered":"https:\/\/skargardssamarbetet.org\/tama-on-nss-lisatietoa-meista\/historia\/"},"modified":"2025-12-09T13:02:31","modified_gmt":"2025-12-09T12:02:31","slug":"historia","status":"publish","type":"page","link":"https:\/\/skargardssamarbetet.org\/fi\/tama-on-nss-lisatietoa-meista\/historia\/","title":{"rendered":"Historia"},"content":{"rendered":"\n<p>Vuonna 2007 Pohjoismainen Saaristoyhteisty\u00f6 (NSS \/ Yhteisty\u00f6) tiivisti ensimm\u00e4iset kolmekymment\u00e4 vuottaan raporttiin, joka julkaistiin muun muassa suomenruotsalaisessa lehdess\u00e4 Sk\u00e4rg\u00e5rd. Vuoteen 2017 menness\u00e4 oli kulunut kymmenen vuotta lis\u00e4\u00e4, ja nelj\u00e4kymment\u00e4vuotisjuhla pidettiin \u2013 tuolloin tiivistettiin toiminta vuosilta 2008\u20132017.<\/p>\n\n<h2 class=\"wp-block-heading\">Historia 2008\u20132017<\/h2>\n\n<p>Vuosina heti ennen vuotta 2010 toiminnan p\u00e4\u00e4paino oli kahdessa suuressa hankkeessa: gastronomiahankkeessa <em data-start=\"841\" data-end=\"856\" data-is-only-node=\"\">Sk\u00e4rg\u00e5rdssmak<\/em> ja matkailuhankkeessa <em data-start=\"879\" data-end=\"901\">Scandinavian Islands<\/em>. <em data-start=\"903\" data-end=\"918\">Sk\u00e4rg\u00e5rdssmak<\/em> sitoutti suuren m\u00e4\u00e4r\u00e4n ravintoloita, elintarviketuottajia ja muita yritt\u00e4ji\u00e4 saaristossa, samoin kuin suuren osan Yhteisty\u00f6n energiasta ja resursseista. Hanke on sittemmin siirtynyt yhti\u00f6muotoon ja jatkuu p\u00e4\u00e4asiassa Suomen alueilla. <em data-start=\"1152\" data-end=\"1174\">Scandinavian Islands<\/em> merkitsi l\u00e4hinn\u00e4 taloudellista panostusta NSS:lle. Se ei tuottanut paljon konkreettisia tuloksia ja on viime aikoina j\u00e4\u00e4nyt muiden hankkeiden varjoon, Ruotsin puolella erityisesti Stockholm Archipelago -yhteisty\u00f6n my\u00f6t\u00e4.<\/p>\n\n<p><p data-start=\"1090\" data-end=\"1642\"><em data-start=\"1102\" data-end=\"1117\">Sk\u00e4rg\u00e5rdssmak<\/em>-hankkeen j\u00e4lkeisen\u00e4 aikana NSS:n toiminta keskittyi p\u00e4\u00e4asiassa uusien kontaktien luomiseen ja verkostojen kehitt\u00e4miseen uusien hankkeiden pohjaksi. Interreg-hankkeiden k\u00e4ynnist\u00e4minen ja hallinnointi tuli t\u00e4rke\u00e4ksi osaksi NSS:n toimintaa sen j\u00e4lkeen, kun Suomi ja Ruotsi liittyiv\u00e4t EU:hun vuonna 1995, tarjoten mahdollisuuden vahvistaa Yhteisty\u00f6n taloutta. NSS nimettiin jopa Interreg-hankehakemusten valmisteluelimeksi, teht\u00e4v\u00e4, jonka hallitukset kuitenkin siirsiv\u00e4t erilliselle ohjauskomitealle ohjelmakaudella 2000\u20132006.<\/p><br\/><p data-start=\"1644\" data-end=\"2111\" data-is-last-node=\"\" data-is-only-node=\"\"><em data-start=\"1644\" data-end=\"1659\">Sk\u00e4rg\u00e5rdssmak<\/em> kulutti paljon voimia, ja Yhteisty\u00f6 halusi sen j\u00e4lkeen v\u00e4ltt\u00e4\u00e4 sitoutumista uusiin suuriin hankkeisiin. Toiminnan n\u00e4kyv\u00e4t tulokset k\u00e4rsiv\u00e4t t\u00e4st\u00e4, ja valitettavana seurauksena Pohjoismainen ministerineuvosto vuonna 2011 poisti NSS:n rajakomiteana ja lakkautti taloudellisen tuen. Perusteluna oli, ett\u00e4 NSS:n toiminta puuttui paikallinen sitoutuminen, tehokkuus ja selke\u00e4t hankkeet, joista olisi ollut pohjoismaista hy\u00f6ty\u00e4. NSS:n budjetti puolitettiin.<\/p><\/p>\n\n<p>T\u00e4ss\u00e4 vaiheessa kaksi j\u00e4senaluetta erosi NSS:st\u00e4: Ahvenanmaa vuonna 2010 ja S\u00f6rmlanti vuonna 2011. Saaristokokouksessa vuonna 2011 Tukholman l\u00e4\u00e4niss\u00e4 l\u00e4\u00e4ninvaltuutettu Gustav Andersson (nykyisin Gustav Hemming) ja kuvern\u00f6\u00f6ri Per Unckel kritisoivat NSS:n heikentynytt\u00e4 toimintaa. He antoivat hallituksen j\u00e4senilleen, juuri nimitetylle Yhteisty\u00f6toimikunnan puheenjohtajalle Lena Nybergille, Tukholman saaristos\u00e4\u00e4ti\u00f6lle sek\u00e4 Lars Nybergille l\u00e4\u00e4ninhallituksesta, teht\u00e4v\u00e4ksi aktivoida toiminta ja n\u00e4ytt\u00e4\u00e4 konkreettisia tuloksia vuoden kuluessa. Jos parannuksia ei tapahtuisi, harkittiin Yhteisty\u00f6st\u00e4 eroamista, mik\u00e4 todenn\u00e4k\u00f6isesti olisi johtanut NSS:n lopettamiseen.<\/p>\n\n<p>Seuraavina vuosina hallitus pyrki osoittamaan konkreettisia tuloksia, mik\u00e4 ilmeni p\u00e4\u00e4asiassa useina saariston ajankohtaisia haasteita k\u00e4sittelevin\u00e4 seminaareina. Yhteisty\u00f6 osallistui my\u00f6s joihinkin suurempiin hankkeisiin, mutta ei k\u00e4ytt\u00e4nyt merkitt\u00e4v\u00e4sti henkil\u00f6st\u00f6resursseja osallistumiseensa, lukuun ottamatta muutamia hankkeisiin liittyvi\u00e4 seminaareja.<\/p>\n\n<p><p data-start=\"1040\" data-end=\"1483\">Vaikka budjetti oli supistunut, elvytetty\u00e4 toimintaa toteutettiin vuosittaisilla ylij\u00e4\u00e4mill\u00e4. Syksyll\u00e4 2013 hallitus esitteli NSS:n parantunutta toimintaa Pohjoismaiden ministerineuvostolle K\u00f6\u00f6penhaminassa. Hyv\u00e4 vaikutus oli, ett\u00e4 ministerineuvosto my\u00f6nsi Yhteisty\u00f6lle j\u00e4lleen rajakomitean aseman. T\u00e4m\u00e4n seurauksena my\u00f6s taloudellinen tuki palautettiin, aluksi kaudelle 2014\u20132016, my\u00f6hemmin se jatkettiin ja hieman vahvistettiin.<\/p><br\/><p data-start=\"1485\" data-end=\"2017\" data-is-last-node=\"\" data-is-only-node=\"\">Ministerineuvosto on vuosien varrella harkinnut siirtymist\u00e4 projektipohjaiseen rahoitusj\u00e4rjestelm\u00e4\u00e4n rajakomiteoille ja on \u00e4skett\u00e4in p\u00e4\u00e4tt\u00e4nyt kompromissista. T\u00e4m\u00e4 tarkoittaa, ett\u00e4 perusavustukset s\u00e4ilyv\u00e4t, NSS:n osalta jonkin verran korotettuna. Samalla ministerineuvosto on varannut varoja projekteihin kolmen erityisen prioriteetin mukaisesti. N\u00e4ist\u00e4 kest\u00e4v\u00e4n maaseudun kehitys on merkityksellisin NSS:lle, mutta my\u00f6s innovatiivisilla ja resiliensseill\u00e4 alueilla sek\u00e4 kest\u00e4vill\u00e4 kaupungeilla ja kaupunkikehityksell\u00e4 on yhteyksi\u00e4.<\/p><\/p>\n\n<h2 class=\"wp-block-heading\">Aiheet<\/h2>\n\n<p>Yritt\u00e4jyys, yritystoiminta ja kulttuuriasiat olivat Yhteisty\u00f6n prioriteetteja vuosina heti ennen 2010. Ajan my\u00f6t\u00e4 mukaan tulivat ymp\u00e4rist\u00f6kysymykset, kun taas kulttuuri j\u00e4i taka-alalle. Vuodesta 2014 l\u00e4htien toimintasuunnitelma perustuu kolmeen k\u00e4sitteeseen: ekologinen, sosiaalinen ja taloudellinen kest\u00e4vyys, sek\u00e4 toimintaan projektien luomisen alustana.<\/p>\n\n<p>Merkitt\u00e4vin ekologisen kest\u00e4vyyden hanke on ollut Green Islands -projekti, joka toteutettiin vuosina 2012\u20132014 Yhteisty\u00f6n ja ministerineuvoston taloudellisella tuella. Hanke keskittyi j\u00e4te-, energia- ja vesi- ja viem\u00e4riratkaisuihin. Ennen sit\u00e4, Sk\u00e4rg\u00e5rdsm\u00e4ssan-messujen yhteydess\u00e4 Tukholmassa vuonna 2008 j\u00e4rjestettiin ymp\u00e4rist\u00f6yhteisty\u00f6p\u00e4iv\u00e4 ymp\u00e4rist\u00f6verkoston luomiseksi. Kahdesti, vuonna 2014 Tukholmassa ja vuonna 2015 Turussa, NSS j\u00e4rjesti seminaareja lis\u00e4\u00e4ntyneist\u00e4 haikaroista, niiden hallinnasta ja vaikutuksista kalastukseen. Yhteisty\u00f6 on sen j\u00e4lkeen seurannut aktiivisesti haikarakysymyst\u00e4. Vuonna 2017 NSS kutsui asiaankuuluvat toimijat keskustelemaan yhteisty\u00f6st\u00e4 Pohjois-It\u00e4merell\u00e4 EU:n merisuunnittelualoitteen yhteydess\u00e4. K\u00e4vi ilmi, ett\u00e4 NSS:n paikallinen ja alueellinen verkosto voi olla hy\u00f6dyksi t\u00e4ss\u00e4 ty\u00f6ss\u00e4.<\/p>\n\n<p><p data-start=\"1440\" data-end=\"2075\">Viime vuosina NSS:n toiminnan painopiste on ollut p\u00e4\u00e4asiassa sosiaalisessa kest\u00e4vyydess\u00e4. Vuonna 2009 Maarianhaminassa j\u00e4rjestettiin seminaari saariston IT-palveluista, ja vuonna 2017 Helsingiss\u00e4 pidettiin seminaari, jonka aiheena oli laajakaistaverkon rakentaminen ja digitaaliset palvelut. Tukholmassa vuonna 2016 j\u00e4rjestettiin seminaari Paikallisten palveluiden saatavuus. Kaksi seminaaria vuonna 2016, aiheena Tulevaisuuden saaristokoulut Tukholmassa ja Helsingiss\u00e4, korostivat laadukkaan opetuksen saatavuuden merkityst\u00e4, hyvi\u00e4 tuloksia pieniss\u00e4 saaristokouluissa sek\u00e4 k\u00e4yt\u00e4nn\u00f6n esimerkkej\u00e4 uudesta IT-teknologiasta.<\/p><br\/><p data-start=\"2077\" data-end=\"2883\" data-is-last-node=\"\" data-is-only-node=\"\">Vuonna 2017 k\u00e4ynnistettiin kaksi laajempaa hanketta: Asuminen vakituisille asukkaille ja Huomenna saariston asukkaat. Asumishanke koostuu osittain j\u00e4senmaiden asiaankuuluvien s\u00e4\u00e4d\u00f6sten vertailusta ja osittain asumisratkaisujen tutkimuksesta yhteisty\u00f6ss\u00e4 arkkitehtikoulujen kanssa. Demografiahanke tutkii ty\u00f6ik\u00e4isten saariston asukkaiden haasteita muuttaa saaristoon tai j\u00e4\u00e4d\u00e4 sinne asumaan. T\u00e4m\u00e4 toteutetaan saariston asukkaille suunnattavalla kyselyll\u00e4. Kyselyn tulokset muodostavat pohjan paikallisille seminaareille, joiden tavoitteena on syvent\u00e4\u00e4 tiet\u00e4myst\u00e4 ja lis\u00e4t\u00e4 paikallista sitoutumista asiaan. NSS on lis\u00e4ksi kiinnitt\u00e4nyt huomiota menetelm\u00e4\u00e4n Paikalliset taloudelliset analyysit (LEA), joka osoittaa, ett\u00e4 saaret ja saaristot voivat olla arvokkaita paitsi kokemuksellisesti my\u00f6s taloudellisesti.<\/p><\/p>\n\n<p><p data-start=\"724\" data-end=\"1278\">Kulttuurihanke <em data-start=\"751\" data-end=\"836\">Sk\u00e4rg\u00e5rdskultur \u2013 resurssi alueelliselle identiteetille ja paikalliselle taloudelle<\/em> toteutettiin vuonna 2008 aiemman Interreg-hankkeen jatkona. Vuonna 2011 seuraavana hankkeena oli <em data-start=\"934\" data-end=\"952\">When We Were One<\/em>, esitutkimus, jonka tavoitteena oli saada Interreg-rahoitusta jatkohankkeelle saaristojen yhteisest\u00e4 historiasta. Valitettavasti projekti ei saanut Interreg-rahoitusta, joten ty\u00f6 j\u00e4i kesken. NSS j\u00e4rjesti kulttuuritapaamisia useiden vuosien ajan, mutta vuoden 2010 \u00c5landin kulttuuritapaaminen j\u00e4i t\u00e4h\u00e4n menness\u00e4 viimeiseksi.<\/p><br\/><p data-start=\"1280\" data-end=\"1409\" data-is-last-node=\"\" data-is-only-node=\"\">Taloudellinen kest\u00e4vyys on ollut pitk\u00e4\u00e4n t\u00e4rke\u00e4 osa NSS:n toimintaa, usein erityisesti nuorten saariston asukkaiden n\u00e4k\u00f6kulmasta.<\/p><\/p>\n\n<p><article class=\"text-token-text-primary w-full focus:outline-none [--shadow-height:45px] has-data-writing-block:pointer-events-none has-data-writing-block:-mt-(--shadow-height) has-data-writing-block:pt-(--shadow-height) [&amp;:has([data-writing-block])&gt;*]:pointer-events-auto scroll-mt-[calc(var(--header-height)+min(200px,max(70px,20svh)))]\" dir=\"auto\" tabindex=\"-1\" data-turn-id=\"request-WEB:0f4272ce-ccea-4ae4-aabe-e0dd25ec1a6c-98\" data-testid=\"conversation-turn-198\" data-scroll-anchor=\"false\" data-turn=\"assistant\">&#13;\n<div class=\"text-base my-auto mx-auto [--thread-content-margin:--spacing(4)] @w-sm\/main:[--thread-content-margin:--spacing(6)] @w-lg\/main:[--thread-content-margin:--spacing(16)] px-(--thread-content-margin)\">&#13;\n<div class=\"[--thread-content-max-width:40rem] @w-lg\/main:[--thread-content-max-width:48rem] mx-auto max-w-(--thread-content-max-width) flex-1 group\/turn-messages focus-visible:outline-hidden relative flex w-full min-w-0 flex-col agent-turn\" tabindex=\"-1\">&#13;\n<div class=\"flex max-w-full flex-col grow\">&#13;\n<div class=\"min-h-8 text-message relative flex w-full flex-col items-end gap-2 text-start break-words whitespace-normal [.text-message+&amp;]:mt-1\" dir=\"auto\" data-message-author-role=\"assistant\" data-message-id=\"5962a21c-2938-4f91-be21-c5f26719b19e\" data-message-model-slug=\"gpt-5-mini\">&#13;\n<div class=\"flex w-full flex-col gap-1 empty:hidden first:pt-[1px]\">&#13;\n<div class=\"markdown prose dark:prose-invert w-full break-words light markdown-new-styling\">&#13;\n<p data-start=\"1494\" data-end=\"1722\">Vuonna 2011 k\u00e4ynnistettiin hanke <em data-start=\"1539\" data-end=\"1582\">Sk\u00e4rg\u00e5rdar, ungdomar, f\u00f6retagsamhet (SUF)<\/em>. T\u00e4m\u00e4kin oli esitutkimus, jonka tavoitteena oli saada Interreg-rahoitusta suurempaan hankkeeseen, mutta se ei my\u00f6sk\u00e4\u00e4n saanut rahoitusta.<\/p>&#13;\n<p data-start=\"1724\" data-end=\"2189\">Vuosina 2014\u20132015 toteutettiin demografiahanke <em data-start=\"1771\" data-end=\"1784\">Egna pengar<\/em>, joka k\u00e4sitteli nuorten ja aikuisten ty\u00f6llisyytt\u00e4 ja toimeentuloa saaristossa, Nordiska ministerr\u00e5detin ja NSS:n taloudellisella tuella. Hankkeen aikana j\u00e4rjestettiin useita seminaareja, ja tulokset dokumentoitiin julkaisussa. NSS on monien vuosien ajan tukenut vuosittaista saariston naisseminaaria, jossa yritt\u00e4jyys on ollut keskeinen aihe. Yhteisty\u00f6 on osallistunut n\u00e4ihin tapaamisiin viime vuosina.<\/p>&#13;\n<p data-start=\"2191\" data-end=\"2956\" data-is-last-node=\"\" data-is-only-node=\"\">Kasvavaa kiinnostusta matkailuun on k\u00e4sitelty kolmessa seminaarissa: vuonna 2012 Helsingiss\u00e4, 2013 Tukholmassa ja 2015 j\u00e4lleen Helsingiss\u00e4, viimeksi yhteisty\u00f6ss\u00e4 Interreg-hankkeen kanssa pienille vapaa-ajan satamille. Vuonna 2013 j\u00e4rjestettiin seminaari <em data-start=\"2445\" data-end=\"2469\">Fisk(e) s\u00e5 in i vassen<\/em> kalataloudesta ja kalastusmatkailusta. Ruoka-aiheiset teemat ovat olleet ajankohtaisia my\u00f6s <em data-start=\"2562\" data-end=\"2577\">Sk\u00e4rg\u00e5rdssmak<\/em> -hankkeen j\u00e4lkeen. Vuonna 2016 Yhteisty\u00f6 osallistui puhujina symposiumiin <em data-start=\"2652\" data-end=\"2696\">Finnish Championship in Food Craftsmanship<\/em> Tammisaaressa. Vuoden 2017 seminaari Tukholmassa aiheesta Saariston laidunnus, jonka tavoitteena oli s\u00e4ilytt\u00e4\u00e4 avoin saaristomaisema, liittyi sek\u00e4 ruokaan ett\u00e4 matkailuun. Yksityiskohtaisempi katsaus toiminnan sis\u00e4lt\u00f6\u00f6n l\u00f6ytyy alla olevasta vuosikatsauksesta.<\/p>&#13;\n&#13;\n<\/div>&#13;\n<\/div>&#13;\n<\/div>&#13;\n<\/div>&#13;\n<\/div>&#13;\n<\/div>&#13;\n<\/article><\/p>\n\n<h2 class=\"wp-block-heading\">Yhteisty\u00f6n roolit<\/h2>\n\n<p>NSS:n toiminnan yleisen\u00e4 periaatteena on keskitty\u00e4 ajankohtaisiin saaristohaasteisiin, joissa pohjoismainen yhteisty\u00f6 voi tehd\u00e4 eron. Pelkk\u00e4 asian t\u00e4rkeys ei siis riit\u00e4. Joillakin toimialoilla on jo olemassa vakiintunutta pohjoismaista yhteisty\u00f6t\u00e4 voimakkaiden ja osaavien toimijoiden kesken, mik\u00e4 rajoittaa NSS:n mahdollisuuksia olla hy\u00f6dyksi. T\u00e4m\u00e4 koskee esimerkiksi merellist\u00e4 ymp\u00e4rist\u00f6\u00e4.<\/p>\n\n<p><p data-start=\"891\" data-end=\"1465\">Yhteisty\u00f6n rajalliset resurssit oikeuttavat yleisen l\u00e4hestymistavan, jossa aloitteet k\u00e4ynnistet\u00e4\u00e4n, mutta toteutus j\u00e4tet\u00e4\u00e4n mieluiten muiden toimijoiden vastuulle. Toinen periaate on, ett\u00e4 NSS:n ei tulisi k\u00e4sitell\u00e4 politiikkakysymyksi\u00e4, sill\u00e4 se on yhteisty\u00f6n p\u00e4\u00e4miesten teht\u00e4v\u00e4. NSS voi kuitenkin pyydett\u00e4ess\u00e4 laatia asiaperusteita politiikkakysymyksiin. T\u00e4t\u00e4 on tehty kouluopetuksen ja haikarakysymyksen osalta, ja pysyv\u00e4n asumisen osalta ty\u00f6 on k\u00e4ynniss\u00e4. NSS:n roolien selkeytt\u00e4miseksi hallitus laati vuonna 2016 toimintamission, jota on asteittain hiottu.<\/p><br\/><p data-start=\"1467\" data-end=\"1751\" data-is-last-node=\"\" data-is-only-node=\"\">NSS:n tulee rajoittua ty\u00f6skentelem\u00e4\u00e4n vain muutaman teeman parissa kerrallaan. T\u00e4ydennyksen\u00e4 ja toiminnan jatkuvuuden vahvistamiseksi hallitus on jakanut t\u00e4rkeiden saaristoaiheiden seurantateht\u00e4v\u00e4t j\u00e4senilleen. Merkitt\u00e4v\u00e4 panos seurannassa ovat neuvoston kokousten tavoitekeskustelut.<\/p><\/p>\n\n<p><p data-start=\"1003\" data-end=\"1594\">NSS:n teht\u00e4v\u00e4n\u00e4 on toimia alustana EU-rahoitteisten hankkeiden k\u00e4ynnist\u00e4miseksi ja tukemiseksi. EU:n viimeisint\u00e4 ohjelmakautta edelt\u00e4en hyvi\u00e4 tuloksia tuottanut ty\u00f6 on kohdistunut uusien hankkeiden luomiseen. N\u00e4in ollen hankkeet <em data-start=\"1244\" data-end=\"1269\" data-is-only-node=\"\">Sankt Olavs Pilgrimsled<\/em>, <em data-start=\"1271\" data-end=\"1286\">Smart Marinas<\/em> ja <em data-start=\"1290\" data-end=\"1304\">Baltic Wings<\/em>, joita rahoittaa EU:n Central Baltic -ohjelma, ovat suoria tuloksia t\u00e4st\u00e4 ty\u00f6st\u00e4. Toimia alustana hankkeiden muodostamiseksi tarkoittaa verkostoitumista. NSS kehitt\u00e4\u00e4 laajoja verkostoja eri alojen asiantuntijoiden kanssa tavoitteenaan olla p\u00e4tev\u00e4 ja hy\u00f6dyllinen toimija saaristoasioissa.<\/p><br\/><p data-start=\"1596\" data-end=\"2003\" data-is-last-node=\"\" data-is-only-node=\"\">Kolmas teht\u00e4v\u00e4 NSS:lle, aihealueiden ja verkostoitumisen lis\u00e4ksi, on sen rooli Pohjoismaiden ministerineuvoston rajakomiteana. Viime vuosina Yhteisty\u00f6 on kiinnitt\u00e4nyt t\u00e4h\u00e4n lis\u00e4\u00e4 huomiota ja osallistuu aktiivisesti niin kutsutun LOTS-ryhm\u00e4n kokouksiin. Rajahaitat ovat olleet monille rajakomiteoille t\u00e4rke\u00e4 kysymys. NSS on kuitenkin pit\u00e4nyt sit\u00e4 v\u00e4hemm\u00e4n merkityksellisen\u00e4 ja keskittynyt kehityskysymyksiin.<\/p><\/p>\n","protected":false},"excerpt":{"rendered":"<p>Vuonna 2007 Pohjoismainen Saaristoyhteisty\u00f6 (NSS \/ Yhteisty\u00f6) tiivisti ensimm\u00e4iset kolmekymment\u00e4 vuottaan raporttiin, joka julkaistiin muun muassa suomenruotsalaisessa lehdess\u00e4 Sk\u00e4rg\u00e5rd. Vuoteen 2017 menness\u00e4 oli kulunut kymmenen vuotta lis\u00e4\u00e4, ja nelj\u00e4kymment\u00e4vuotisjuhla pidettiin \u2013 tuolloin tiivistettiin toiminta vuosilta 2008\u20132017. Historia 2008\u20132017 Vuosina heti ennen vuotta 2010 toiminnan p\u00e4\u00e4paino oli kahdessa suuressa hankkeessa: gastronomiahankkeessa Sk\u00e4rg\u00e5rdssmak ja matkailuhankkeessa Scandinavian Islands. [&hellip;]<\/p>\n","protected":false},"author":1,"featured_media":0,"parent":540,"menu_order":10,"comment_status":"closed","ping_status":"closed","template":"","meta":{"_acf_changed":false,"footnotes":""},"class_list":["post-556","page","type-page","status-publish","hentry"],"acf":[],"yoast_head":"<!-- This site is optimized with the Yoast SEO plugin v27.2 - https:\/\/yoast.com\/product\/yoast-seo-wordpress\/ -->\n<title>Historia - Nordiska Sk\u00e4rg\u00e5rdssamarbetet<\/title>\n<meta name=\"robots\" content=\"index, follow, max-snippet:-1, max-image-preview:large, max-video-preview:-1\" \/>\n<link rel=\"canonical\" href=\"https:\/\/skargardssamarbetet.org\/fi\/tama-on-nss-lisatietoa-meista\/historia\/\" \/>\n<meta property=\"og:locale\" content=\"fi_FI\" \/>\n<meta property=\"og:type\" content=\"article\" \/>\n<meta property=\"og:title\" content=\"Historia - Nordiska Sk\u00e4rg\u00e5rdssamarbetet\" \/>\n<meta property=\"og:description\" content=\"Vuonna 2007 Pohjoismainen Saaristoyhteisty\u00f6 (NSS \/ Yhteisty\u00f6) tiivisti ensimm\u00e4iset kolmekymment\u00e4 vuottaan raporttiin, joka julkaistiin muun muassa suomenruotsalaisessa lehdess\u00e4 Sk\u00e4rg\u00e5rd. Vuoteen 2017 menness\u00e4 oli kulunut kymmenen vuotta lis\u00e4\u00e4, ja nelj\u00e4kymment\u00e4vuotisjuhla pidettiin \u2013 tuolloin tiivistettiin toiminta vuosilta 2008\u20132017. Historia 2008\u20132017 Vuosina heti ennen vuotta 2010 toiminnan p\u00e4\u00e4paino oli kahdessa suuressa hankkeessa: gastronomiahankkeessa Sk\u00e4rg\u00e5rdssmak ja matkailuhankkeessa Scandinavian Islands. [&hellip;]\" \/>\n<meta property=\"og:url\" content=\"https:\/\/skargardssamarbetet.org\/fi\/tama-on-nss-lisatietoa-meista\/historia\/\" \/>\n<meta property=\"og:site_name\" content=\"Nordiska Sk\u00e4rg\u00e5rdssamarbetet\" \/>\n<meta property=\"article:modified_time\" content=\"2025-12-09T12:02:31+00:00\" \/>\n<meta name=\"twitter:card\" content=\"summary_large_image\" \/>\n<meta name=\"twitter:label1\" content=\"Arvioitu lukuaika\" \/>\n\t<meta name=\"twitter:data1\" content=\"7 minuuttia\" \/>\n<script type=\"application\/ld+json\" class=\"yoast-schema-graph\">{\"@context\":\"https:\/\/schema.org\",\"@graph\":[{\"@type\":\"WebPage\",\"@id\":\"https:\/\/skargardssamarbetet.org\/fi\/tama-on-nss-lisatietoa-meista\/historia\/\",\"url\":\"https:\/\/skargardssamarbetet.org\/fi\/tama-on-nss-lisatietoa-meista\/historia\/\",\"name\":\"Historia - Nordiska Sk\u00e4rg\u00e5rdssamarbetet\",\"isPartOf\":{\"@id\":\"https:\/\/skargardssamarbetet.org\/#website\"},\"datePublished\":\"2025-03-12T16:06:34+00:00\",\"dateModified\":\"2025-12-09T12:02:31+00:00\",\"breadcrumb\":{\"@id\":\"https:\/\/skargardssamarbetet.org\/fi\/tama-on-nss-lisatietoa-meista\/historia\/#breadcrumb\"},\"inLanguage\":\"fi\",\"potentialAction\":[{\"@type\":\"ReadAction\",\"target\":[\"https:\/\/skargardssamarbetet.org\/fi\/tama-on-nss-lisatietoa-meista\/historia\/\"]}]},{\"@type\":\"BreadcrumbList\",\"@id\":\"https:\/\/skargardssamarbetet.org\/fi\/tama-on-nss-lisatietoa-meista\/historia\/#breadcrumb\",\"itemListElement\":[{\"@type\":\"ListItem\",\"position\":1,\"name\":\"Hem\",\"item\":\"https:\/\/skargardssamarbetet.org\/fi\/\"},{\"@type\":\"ListItem\",\"position\":2,\"name\":\"T\u00e4m\u00e4 on NSS \u2013 lis\u00e4tietoa meist\u00e4\",\"item\":\"https:\/\/skargardssamarbetet.org\/fi\/tama-on-nss-lisatietoa-meista\/\"},{\"@type\":\"ListItem\",\"position\":3,\"name\":\"Historia\"}]},{\"@type\":\"WebSite\",\"@id\":\"https:\/\/skargardssamarbetet.org\/#website\",\"url\":\"https:\/\/skargardssamarbetet.org\/\",\"name\":\"Nordiska Sk\u00e4rg\u00e5rdssamarbetet\",\"description\":\"\",\"potentialAction\":[{\"@type\":\"SearchAction\",\"target\":{\"@type\":\"EntryPoint\",\"urlTemplate\":\"https:\/\/skargardssamarbetet.org\/?s={search_term_string}\"},\"query-input\":{\"@type\":\"PropertyValueSpecification\",\"valueRequired\":true,\"valueName\":\"search_term_string\"}}],\"inLanguage\":\"fi\"}]}<\/script>\n<!-- \/ Yoast SEO plugin. -->","yoast_head_json":{"title":"Historia - Nordiska Sk\u00e4rg\u00e5rdssamarbetet","robots":{"index":"index","follow":"follow","max-snippet":"max-snippet:-1","max-image-preview":"max-image-preview:large","max-video-preview":"max-video-preview:-1"},"canonical":"https:\/\/skargardssamarbetet.org\/fi\/tama-on-nss-lisatietoa-meista\/historia\/","og_locale":"fi_FI","og_type":"article","og_title":"Historia - Nordiska Sk\u00e4rg\u00e5rdssamarbetet","og_description":"Vuonna 2007 Pohjoismainen Saaristoyhteisty\u00f6 (NSS \/ Yhteisty\u00f6) tiivisti ensimm\u00e4iset kolmekymment\u00e4 vuottaan raporttiin, joka julkaistiin muun muassa suomenruotsalaisessa lehdess\u00e4 Sk\u00e4rg\u00e5rd. Vuoteen 2017 menness\u00e4 oli kulunut kymmenen vuotta lis\u00e4\u00e4, ja nelj\u00e4kymment\u00e4vuotisjuhla pidettiin \u2013 tuolloin tiivistettiin toiminta vuosilta 2008\u20132017. Historia 2008\u20132017 Vuosina heti ennen vuotta 2010 toiminnan p\u00e4\u00e4paino oli kahdessa suuressa hankkeessa: gastronomiahankkeessa Sk\u00e4rg\u00e5rdssmak ja matkailuhankkeessa Scandinavian Islands. [&hellip;]","og_url":"https:\/\/skargardssamarbetet.org\/fi\/tama-on-nss-lisatietoa-meista\/historia\/","og_site_name":"Nordiska Sk\u00e4rg\u00e5rdssamarbetet","article_modified_time":"2025-12-09T12:02:31+00:00","twitter_card":"summary_large_image","twitter_misc":{"Arvioitu lukuaika":"7 minuuttia"},"schema":{"@context":"https:\/\/schema.org","@graph":[{"@type":"WebPage","@id":"https:\/\/skargardssamarbetet.org\/fi\/tama-on-nss-lisatietoa-meista\/historia\/","url":"https:\/\/skargardssamarbetet.org\/fi\/tama-on-nss-lisatietoa-meista\/historia\/","name":"Historia - Nordiska Sk\u00e4rg\u00e5rdssamarbetet","isPartOf":{"@id":"https:\/\/skargardssamarbetet.org\/#website"},"datePublished":"2025-03-12T16:06:34+00:00","dateModified":"2025-12-09T12:02:31+00:00","breadcrumb":{"@id":"https:\/\/skargardssamarbetet.org\/fi\/tama-on-nss-lisatietoa-meista\/historia\/#breadcrumb"},"inLanguage":"fi","potentialAction":[{"@type":"ReadAction","target":["https:\/\/skargardssamarbetet.org\/fi\/tama-on-nss-lisatietoa-meista\/historia\/"]}]},{"@type":"BreadcrumbList","@id":"https:\/\/skargardssamarbetet.org\/fi\/tama-on-nss-lisatietoa-meista\/historia\/#breadcrumb","itemListElement":[{"@type":"ListItem","position":1,"name":"Hem","item":"https:\/\/skargardssamarbetet.org\/fi\/"},{"@type":"ListItem","position":2,"name":"T\u00e4m\u00e4 on NSS \u2013 lis\u00e4tietoa meist\u00e4","item":"https:\/\/skargardssamarbetet.org\/fi\/tama-on-nss-lisatietoa-meista\/"},{"@type":"ListItem","position":3,"name":"Historia"}]},{"@type":"WebSite","@id":"https:\/\/skargardssamarbetet.org\/#website","url":"https:\/\/skargardssamarbetet.org\/","name":"Nordiska Sk\u00e4rg\u00e5rdssamarbetet","description":"","potentialAction":[{"@type":"SearchAction","target":{"@type":"EntryPoint","urlTemplate":"https:\/\/skargardssamarbetet.org\/?s={search_term_string}"},"query-input":{"@type":"PropertyValueSpecification","valueRequired":true,"valueName":"search_term_string"}}],"inLanguage":"fi"}]}},"_links":{"self":[{"href":"https:\/\/skargardssamarbetet.org\/fi\/wp-json\/wp\/v2\/pages\/556","targetHints":{"allow":["GET"]}}],"collection":[{"href":"https:\/\/skargardssamarbetet.org\/fi\/wp-json\/wp\/v2\/pages"}],"about":[{"href":"https:\/\/skargardssamarbetet.org\/fi\/wp-json\/wp\/v2\/types\/page"}],"author":[{"embeddable":true,"href":"https:\/\/skargardssamarbetet.org\/fi\/wp-json\/wp\/v2\/users\/1"}],"replies":[{"embeddable":true,"href":"https:\/\/skargardssamarbetet.org\/fi\/wp-json\/wp\/v2\/comments?post=556"}],"version-history":[{"count":1,"href":"https:\/\/skargardssamarbetet.org\/fi\/wp-json\/wp\/v2\/pages\/556\/revisions"}],"predecessor-version":[{"id":557,"href":"https:\/\/skargardssamarbetet.org\/fi\/wp-json\/wp\/v2\/pages\/556\/revisions\/557"}],"up":[{"embeddable":true,"href":"https:\/\/skargardssamarbetet.org\/fi\/wp-json\/wp\/v2\/pages\/540"}],"wp:attachment":[{"href":"https:\/\/skargardssamarbetet.org\/fi\/wp-json\/wp\/v2\/media?parent=556"}],"curies":[{"name":"wp","href":"https:\/\/api.w.org\/{rel}","templated":true}]}}