{"id":563,"date":"2025-07-02T17:15:07","date_gmt":"2025-07-02T15:15:07","guid":{"rendered":"https:\/\/skargardssamarbetet.org\/yhteystiedot\/laskutus\/"},"modified":"2025-12-09T13:16:21","modified_gmt":"2025-12-09T12:16:21","slug":"laskutus","status":"publish","type":"page","link":"https:\/\/skargardssamarbetet.org\/fi\/yhteystiedot\/laskutus\/","title":{"rendered":"Laskutus"},"content":{"rendered":"\n<p>Informaatio<\/p>\n\n<p>Kaikki Pohjoismaiseen Saaristoyhteisty\u00f6h\u00f6n liittyv\u00e4t laskut on varustettava virtausviitteell\u00e4. Laskutustiedot ja virtausviitteet tulee antaa henkil\u00f6n, joka tilaa tavarat tai palvelut Pohjoismaisen Saaristoyhteisty\u00f6n sis\u00e4ll\u00e4.<\/p>\n\n<p>Laskussa on selv\u00e4sti ilmoitettava, koskeeko se <strong>Nordiska Sk\u00e4rg\u00e5rdssamarbetet<\/strong>\u00a0 yleisesti vai jotain tietty\u00e4 hanketta Yhteisty\u00f6n puitteissa, esimerkiksi <em data-start=\"360\" data-end=\"377\" data-is-only-node=\"\">Regions4Climate<\/em>.<\/p>\n\n<p>Laskutusosoite:<\/p>\n\n<p>\u00c5lands landskapsregering<br\/><strong>Nordiska Sk\u00e4rg\u00e5rdssamarbetet<\/strong><br\/>PB 2050<br\/>AX-22111 MARIEHAMN<\/p>\n\n<h3 class=\"wp-block-heading\">S\u00e4hk\u00f6iset laskut<\/h3>\n\n<p>FI8720323800001432; NDEAFIHH.<\/p>\n\n<h3 class=\"wp-block-heading\">Laskut postitse<\/h3>\n\n<p>\u00c5lands landskapsregering<br\/>Nordiska Sk\u00e4rg\u00e5rdssamarbetet<br\/>PB 2050<br\/>AX-22111 MARIEHAMN<\/p>\n\n<h3 class=\"wp-block-heading\">Pdf-lasku<\/h3>\n\n<p><a href=\"mailto:faktura@regeringen.ax\">faktura@regeringen.ax<\/a><\/p>\n","protected":false},"excerpt":{"rendered":"<p>Informaatio Kaikki Pohjoismaiseen Saaristoyhteisty\u00f6h\u00f6n liittyv\u00e4t laskut on varustettava virtausviitteell\u00e4. Laskutustiedot ja virtausviitteet tulee antaa henkil\u00f6n, joka tilaa tavarat tai palvelut Pohjoismaisen Saaristoyhteisty\u00f6n sis\u00e4ll\u00e4. Laskussa on selv\u00e4sti ilmoitettava, koskeeko se Nordiska Sk\u00e4rg\u00e5rdssamarbetet\u00a0 yleisesti vai jotain tietty\u00e4 hanketta Yhteisty\u00f6n puitteissa, esimerkiksi Regions4Climate. Laskutusosoite: \u00c5lands landskapsregeringNordiska Sk\u00e4rg\u00e5rdssamarbetetPB 2050AX-22111 MARIEHAMN S\u00e4hk\u00f6iset laskut FI8720323800001432; NDEAFIHH. Laskut postitse \u00c5lands landskapsregeringNordiska Sk\u00e4rg\u00e5rdssamarbetetPB [&hellip;]<\/p>\n","protected":false},"author":1,"featured_media":0,"parent":560,"menu_order":0,"comment_status":"closed","ping_status":"closed","template":"","meta":{"_acf_changed":false,"footnotes":""},"class_list":["post-563","page","type-page","status-publish","hentry"],"acf":[],"yoast_head":"<!-- This site is optimized with the Yoast SEO plugin v27.2 - https:\/\/yoast.com\/product\/yoast-seo-wordpress\/ -->\n<title>Laskutus - Nordiska Sk\u00e4rg\u00e5rdssamarbetet<\/title>\n<meta name=\"robots\" content=\"index, follow, max-snippet:-1, max-image-preview:large, max-video-preview:-1\" \/>\n<link rel=\"canonical\" href=\"https:\/\/skargardssamarbetet.org\/fi\/yhteystiedot\/laskutus\/\" \/>\n<meta property=\"og:locale\" content=\"fi_FI\" \/>\n<meta property=\"og:type\" content=\"article\" \/>\n<meta property=\"og:title\" content=\"Laskutus - Nordiska Sk\u00e4rg\u00e5rdssamarbetet\" \/>\n<meta property=\"og:description\" content=\"Informaatio Kaikki Pohjoismaiseen Saaristoyhteisty\u00f6h\u00f6n liittyv\u00e4t laskut on varustettava virtausviitteell\u00e4. Laskutustiedot ja virtausviitteet tulee antaa henkil\u00f6n, joka tilaa tavarat tai palvelut Pohjoismaisen Saaristoyhteisty\u00f6n sis\u00e4ll\u00e4. Laskussa on selv\u00e4sti ilmoitettava, koskeeko se Nordiska Sk\u00e4rg\u00e5rdssamarbetet\u00a0 yleisesti vai jotain tietty\u00e4 hanketta Yhteisty\u00f6n puitteissa, esimerkiksi Regions4Climate. Laskutusosoite: \u00c5lands landskapsregeringNordiska Sk\u00e4rg\u00e5rdssamarbetetPB 2050AX-22111 MARIEHAMN S\u00e4hk\u00f6iset laskut FI8720323800001432; NDEAFIHH. Laskut postitse \u00c5lands landskapsregeringNordiska Sk\u00e4rg\u00e5rdssamarbetetPB [&hellip;]\" \/>\n<meta property=\"og:url\" content=\"https:\/\/skargardssamarbetet.org\/fi\/yhteystiedot\/laskutus\/\" \/>\n<meta property=\"og:site_name\" content=\"Nordiska Sk\u00e4rg\u00e5rdssamarbetet\" \/>\n<meta property=\"article:modified_time\" content=\"2025-12-09T12:16:21+00:00\" \/>\n<meta name=\"twitter:card\" content=\"summary_large_image\" \/>\n<script type=\"application\/ld+json\" class=\"yoast-schema-graph\">{\"@context\":\"https:\/\/schema.org\",\"@graph\":[{\"@type\":\"WebPage\",\"@id\":\"https:\/\/skargardssamarbetet.org\/fi\/yhteystiedot\/laskutus\/\",\"url\":\"https:\/\/skargardssamarbetet.org\/fi\/yhteystiedot\/laskutus\/\",\"name\":\"Laskutus - Nordiska Sk\u00e4rg\u00e5rdssamarbetet\",\"isPartOf\":{\"@id\":\"https:\/\/skargardssamarbetet.org\/#website\"},\"datePublished\":\"2025-07-02T15:15:07+00:00\",\"dateModified\":\"2025-12-09T12:16:21+00:00\",\"breadcrumb\":{\"@id\":\"https:\/\/skargardssamarbetet.org\/fi\/yhteystiedot\/laskutus\/#breadcrumb\"},\"inLanguage\":\"fi\",\"potentialAction\":[{\"@type\":\"ReadAction\",\"target\":[\"https:\/\/skargardssamarbetet.org\/fi\/yhteystiedot\/laskutus\/\"]}]},{\"@type\":\"BreadcrumbList\",\"@id\":\"https:\/\/skargardssamarbetet.org\/fi\/yhteystiedot\/laskutus\/#breadcrumb\",\"itemListElement\":[{\"@type\":\"ListItem\",\"position\":1,\"name\":\"Hem\",\"item\":\"https:\/\/skargardssamarbetet.org\/fi\/\"},{\"@type\":\"ListItem\",\"position\":2,\"name\":\"Yhteystiedot\",\"item\":\"https:\/\/skargardssamarbetet.org\/yhteystiedot\/\"},{\"@type\":\"ListItem\",\"position\":3,\"name\":\"Laskutus\"}]},{\"@type\":\"WebSite\",\"@id\":\"https:\/\/skargardssamarbetet.org\/#website\",\"url\":\"https:\/\/skargardssamarbetet.org\/\",\"name\":\"Nordiska Sk\u00e4rg\u00e5rdssamarbetet\",\"description\":\"\",\"potentialAction\":[{\"@type\":\"SearchAction\",\"target\":{\"@type\":\"EntryPoint\",\"urlTemplate\":\"https:\/\/skargardssamarbetet.org\/?s={search_term_string}\"},\"query-input\":{\"@type\":\"PropertyValueSpecification\",\"valueRequired\":true,\"valueName\":\"search_term_string\"}}],\"inLanguage\":\"fi\"}]}<\/script>\n<!-- \/ Yoast SEO plugin. -->","yoast_head_json":{"title":"Laskutus - Nordiska Sk\u00e4rg\u00e5rdssamarbetet","robots":{"index":"index","follow":"follow","max-snippet":"max-snippet:-1","max-image-preview":"max-image-preview:large","max-video-preview":"max-video-preview:-1"},"canonical":"https:\/\/skargardssamarbetet.org\/fi\/yhteystiedot\/laskutus\/","og_locale":"fi_FI","og_type":"article","og_title":"Laskutus - Nordiska Sk\u00e4rg\u00e5rdssamarbetet","og_description":"Informaatio Kaikki Pohjoismaiseen Saaristoyhteisty\u00f6h\u00f6n liittyv\u00e4t laskut on varustettava virtausviitteell\u00e4. Laskutustiedot ja virtausviitteet tulee antaa henkil\u00f6n, joka tilaa tavarat tai palvelut Pohjoismaisen Saaristoyhteisty\u00f6n sis\u00e4ll\u00e4. Laskussa on selv\u00e4sti ilmoitettava, koskeeko se Nordiska Sk\u00e4rg\u00e5rdssamarbetet\u00a0 yleisesti vai jotain tietty\u00e4 hanketta Yhteisty\u00f6n puitteissa, esimerkiksi Regions4Climate. Laskutusosoite: \u00c5lands landskapsregeringNordiska Sk\u00e4rg\u00e5rdssamarbetetPB 2050AX-22111 MARIEHAMN S\u00e4hk\u00f6iset laskut FI8720323800001432; NDEAFIHH. Laskut postitse \u00c5lands landskapsregeringNordiska Sk\u00e4rg\u00e5rdssamarbetetPB [&hellip;]","og_url":"https:\/\/skargardssamarbetet.org\/fi\/yhteystiedot\/laskutus\/","og_site_name":"Nordiska Sk\u00e4rg\u00e5rdssamarbetet","article_modified_time":"2025-12-09T12:16:21+00:00","twitter_card":"summary_large_image","schema":{"@context":"https:\/\/schema.org","@graph":[{"@type":"WebPage","@id":"https:\/\/skargardssamarbetet.org\/fi\/yhteystiedot\/laskutus\/","url":"https:\/\/skargardssamarbetet.org\/fi\/yhteystiedot\/laskutus\/","name":"Laskutus - Nordiska Sk\u00e4rg\u00e5rdssamarbetet","isPartOf":{"@id":"https:\/\/skargardssamarbetet.org\/#website"},"datePublished":"2025-07-02T15:15:07+00:00","dateModified":"2025-12-09T12:16:21+00:00","breadcrumb":{"@id":"https:\/\/skargardssamarbetet.org\/fi\/yhteystiedot\/laskutus\/#breadcrumb"},"inLanguage":"fi","potentialAction":[{"@type":"ReadAction","target":["https:\/\/skargardssamarbetet.org\/fi\/yhteystiedot\/laskutus\/"]}]},{"@type":"BreadcrumbList","@id":"https:\/\/skargardssamarbetet.org\/fi\/yhteystiedot\/laskutus\/#breadcrumb","itemListElement":[{"@type":"ListItem","position":1,"name":"Hem","item":"https:\/\/skargardssamarbetet.org\/fi\/"},{"@type":"ListItem","position":2,"name":"Yhteystiedot","item":"https:\/\/skargardssamarbetet.org\/yhteystiedot\/"},{"@type":"ListItem","position":3,"name":"Laskutus"}]},{"@type":"WebSite","@id":"https:\/\/skargardssamarbetet.org\/#website","url":"https:\/\/skargardssamarbetet.org\/","name":"Nordiska Sk\u00e4rg\u00e5rdssamarbetet","description":"","potentialAction":[{"@type":"SearchAction","target":{"@type":"EntryPoint","urlTemplate":"https:\/\/skargardssamarbetet.org\/?s={search_term_string}"},"query-input":{"@type":"PropertyValueSpecification","valueRequired":true,"valueName":"search_term_string"}}],"inLanguage":"fi"}]}},"_links":{"self":[{"href":"https:\/\/skargardssamarbetet.org\/fi\/wp-json\/wp\/v2\/pages\/563","targetHints":{"allow":["GET"]}}],"collection":[{"href":"https:\/\/skargardssamarbetet.org\/fi\/wp-json\/wp\/v2\/pages"}],"about":[{"href":"https:\/\/skargardssamarbetet.org\/fi\/wp-json\/wp\/v2\/types\/page"}],"author":[{"embeddable":true,"href":"https:\/\/skargardssamarbetet.org\/fi\/wp-json\/wp\/v2\/users\/1"}],"replies":[{"embeddable":true,"href":"https:\/\/skargardssamarbetet.org\/fi\/wp-json\/wp\/v2\/comments?post=563"}],"version-history":[{"count":1,"href":"https:\/\/skargardssamarbetet.org\/fi\/wp-json\/wp\/v2\/pages\/563\/revisions"}],"predecessor-version":[{"id":564,"href":"https:\/\/skargardssamarbetet.org\/fi\/wp-json\/wp\/v2\/pages\/563\/revisions\/564"}],"up":[{"embeddable":true,"href":"https:\/\/skargardssamarbetet.org\/fi\/wp-json\/wp\/v2\/pages\/560"}],"wp:attachment":[{"href":"https:\/\/skargardssamarbetet.org\/fi\/wp-json\/wp\/v2\/media?parent=563"}],"curies":[{"name":"wp","href":"https:\/\/api.w.org\/{rel}","templated":true}]}}