{"id":570,"date":"2025-05-07T10:17:23","date_gmt":"2025-05-07T08:17:23","guid":{"rendered":"https:\/\/skargardssamarbetet.org\/tietosuojakaytanto\/"},"modified":"2025-12-09T13:28:22","modified_gmt":"2025-12-09T12:28:22","slug":"tietosuojakaytanto","status":"publish","type":"page","link":"https:\/\/skargardssamarbetet.org\/fi\/tietosuojakaytanto\/","title":{"rendered":"Tietosuojak\u00e4yt\u00e4nt\u00f6"},"content":{"rendered":"\n<h2 class=\"wp-block-heading\">Keit\u00e4 Me Olemme<\/h2>\n\n<p>Verkkosivustomme osoite on: <a href=\"https:\/\/skargardssamarbetet.org\/fi\/\">skargardssamarbetet.org<\/a><\/p>\n\n<h2 class=\"wp-block-heading\">Kommentit<\/h2>\n\n<p>Kun vierailijat j\u00e4tt\u00e4v\u00e4t kommentteja verkkosivustolle, ker\u00e4\u00e4mme kommenttilomakkeessa n\u00e4kyv\u00e4t tiedot sek\u00e4 vierailijan IP-osoitteen ja selaimen k\u00e4ytt\u00e4j\u00e4agenttimerkkijonon roskapostin tunnistamista varten.<\/p>\n\n<p>S\u00e4hk\u00f6postiosoitteestasi luotu anonymisoitu merkkijono (ns. hash-arvo) voidaan l\u00e4hett\u00e4\u00e4 Gravatar-palveluun tarkistamaan, oletko siell\u00e4 rekister\u00f6itynyt. Gravatarin tietosuojak\u00e4yt\u00e4nn\u00f6n l\u00f6yd\u00e4t osoitteesta https:\/\/automattic.com\/privacy\/&#13;\n. Kun kommenttisi on hyv\u00e4ksytty, profiilikuvasi n\u00e4kyy julkisesti yhdess\u00e4 kommenttisi kanssa.<\/p>\n\n<h2 class=\"wp-block-heading\">Media<\/h2>\n\n<p>Jos lataat kuvia verkkosivustolle, v\u00e4lt\u00e4 lataamasta kuvia, joissa EXIF-tiedoissa on GPS-sijaintitietoja. Verkkosivuston vierailijat voivat ladata ja saada selville kaikki kuviin tallennetut sijaintitiedot.<\/p>\n\n<h2 class=\"wp-block-heading\">Cookie-filer<\/h2>\n\n<p>Jos j\u00e4t\u00e4t kommentin verkkosivustollemme, voit valita tallentavasi nimesi, s\u00e4hk\u00f6postiosoitteesi ja verkkosivustosi URL-osoitteen ev\u00e4steisiin. T\u00e4m\u00e4 on mukavuutesi vuoksi, jotta sinun ei tarvitse t\u00e4ytt\u00e4\u00e4 n\u00e4it\u00e4 tietoja uudelleen seuraavan kommentin yhteydess\u00e4. N\u00e4m\u00e4 ev\u00e4steet ovat voimassa yhden vuoden.<\/p>\n\n<p>Jos vierailet kirjautumissivullamme, asetamme v\u00e4liaikaisen ev\u00e4steen tarkistaaksemme, hyv\u00e4ksyyk\u00f6 selaimesi ev\u00e4steet. T\u00e4m\u00e4 ev\u00e4ste ei sis\u00e4ll\u00e4 henkil\u00f6tietoja ja katoaa, kun suljet selaimesi.<\/p>\n\n<p>Kun kirjaudut sis\u00e4\u00e4n, asetamme my\u00f6s useita ev\u00e4steit\u00e4 tallentaaksemme tietoja kirjautumisestasi ja n\u00e4yt\u00f6n asetteluasetuksistasi. Kirjautumiseen liittyv\u00e4t ev\u00e4steet ovat voimassa kaksi p\u00e4iv\u00e4\u00e4 ja asetteluasetuksiin liittyv\u00e4t ev\u00e4steet yhden vuoden. Jos valitset \u201cMuista minut\u201d, kirjautumiseen liittyv\u00e4 ev\u00e4ste pysyy voimassa kaksi viikkoa. Jos kirjaudut ulos tililt\u00e4si, kirjautumiseen liittyv\u00e4t ev\u00e4steet poistetaan.<\/p>\n\n<p>Jos muokkaat tai julkaiset artikkelin, selaimeesi tallennetaan ylim\u00e4\u00e4r\u00e4inen ev\u00e4ste. T\u00e4m\u00e4 ev\u00e4ste ei sis\u00e4ll\u00e4 henkil\u00f6tietoja, vaan tallentaa vain juuri muokatun artikkelin postauksen ID:n, ja se vanhenee yhden vuorokauden kuluttua.<\/p>\n\n<h2 class=\"wp-block-heading\">Upotettu sis\u00e4lt\u00f6 muilta verkkosivustoilta<\/h2>\n\n<p>T\u00e4m\u00e4n verkkosivuston artikkeleissa voi olla upotettua sis\u00e4lt\u00f6\u00e4 (esim. videoita, kuvia, artikkeleita jne.). Toisilta verkkosivustoilta upotettu sis\u00e4lt\u00f6 k\u00e4ytt\u00e4ytyy aivan samalla tavalla kuin jos vierailija olisi k\u00e4ynyt kyseisell\u00e4 verkkosivustolla.<\/p>\n\n<p>N\u00e4m\u00e4 verkkosivustot voivat ker\u00e4t\u00e4 tietoja sinusta, k\u00e4ytt\u00e4\u00e4 ev\u00e4steit\u00e4, upottaa lis\u00e4seurantaa kolmansilta osapuolilta ja seurata vuorovaikutustasi upotetun sis\u00e4ll\u00f6n kanssa, mukaan lukien seurata vuorovaikutustasi t\u00e4m\u00e4n upotetun sis\u00e4ll\u00f6n kanssa, jos sinulla on tili ja olet kirjautunut kyseiselle verkkosivustolle.<\/p>\n\n<h2 class=\"wp-block-heading\">Kenen kanssa jaamme tietojasi<\/h2>\n\n<p>Jos pyyd\u00e4t salasanan palautusta, IP-osoitteesi sis\u00e4ltyy salasanan palautuss\u00e4hk\u00f6postiin.<\/p>\n\n<h2 class=\"wp-block-heading\">Kuinka kauan s\u00e4ilyt\u00e4mme tietojasi<\/h2>\n\n<p>Jos kirjoitat kommentin, kommentti ja sen metatiedot tallennetaan ilman aikarajaa. Syyn\u00e4 t\u00e4h\u00e4n on se, ett\u00e4 meid\u00e4n on pystytt\u00e4v\u00e4 l\u00f6yt\u00e4m\u00e4\u00e4n ja hyv\u00e4ksym\u00e4\u00e4n jatkokommentit automaattisesti ilman, ett\u00e4 ne joutuvat tarkastusjonoon.<\/p>\n\n<p>K\u00e4ytt\u00e4jilt\u00e4, jotka rekister\u00f6ityv\u00e4t verkkosivustollemme (jos sellaisia on), tallennamme my\u00f6s heid\u00e4n antamansa henkil\u00f6tiedot k\u00e4ytt\u00e4j\u00e4profiiliinsa. Kaikki k\u00e4ytt\u00e4j\u00e4t voivat milloin tahansa tarkastella, muokata tai poistaa henkil\u00f6tietonsa (lukuun ottamatta k\u00e4ytt\u00e4j\u00e4tunnuksen muuttamista). My\u00f6s verkkosivuston yll\u00e4pit\u00e4j\u00e4t voivat tarkastella ja muokata n\u00e4it\u00e4 tietoja.<\/p>\n\n<h2 class=\"wp-block-heading\">Oikeutesi tietoihisi liittyen<\/h2>\n\n<p>Jos sinulla on tili tai olet kirjoittanut kommentteja t\u00e4ll\u00e4 verkkosivustolla, voit pyyt\u00e4\u00e4 vientitiedostoa henkil\u00f6tiedoistasi, joita meill\u00e4 on sinusta, mukaan lukien kaikki antamasi tiedot. Voit my\u00f6s pyyt\u00e4\u00e4, ett\u00e4 poistamme kaikki henkil\u00f6tietosi. T\u00e4m\u00e4 ei koske tietoja, joita meid\u00e4n on s\u00e4ilytett\u00e4v\u00e4 hallinnollisista, laillisista tai turvallisuussyist\u00e4.<\/p>\n\n<h2 class=\"wp-block-heading\">Minne tietosi l\u00e4hetet\u00e4\u00e4n<\/h2>\n\n<p>Vierailijoiden kommentit voidaan tarkistaa automatisoidun roskapostintunnistuspalvelun avulla.<\/p>\n","protected":false},"excerpt":{"rendered":"<p>Keit\u00e4 Me Olemme Verkkosivustomme osoite on: skargardssamarbetet.org Kommentit Kun vierailijat j\u00e4tt\u00e4v\u00e4t kommentteja verkkosivustolle, ker\u00e4\u00e4mme kommenttilomakkeessa n\u00e4kyv\u00e4t tiedot sek\u00e4 vierailijan IP-osoitteen ja selaimen k\u00e4ytt\u00e4j\u00e4agenttimerkkijonon roskapostin tunnistamista varten. S\u00e4hk\u00f6postiosoitteestasi luotu anonymisoitu merkkijono (ns. hash-arvo) voidaan l\u00e4hett\u00e4\u00e4 Gravatar-palveluun tarkistamaan, oletko siell\u00e4 rekister\u00f6itynyt. Gravatarin tietosuojak\u00e4yt\u00e4nn\u00f6n l\u00f6yd\u00e4t osoitteesta https:\/\/automattic.com\/privacy\/&#13; . Kun kommenttisi on hyv\u00e4ksytty, profiilikuvasi n\u00e4kyy julkisesti yhdess\u00e4 kommenttisi kanssa. [&hellip;]<\/p>\n","protected":false},"author":1,"featured_media":0,"parent":0,"menu_order":0,"comment_status":"closed","ping_status":"closed","template":"","meta":{"_acf_changed":false,"footnotes":""},"class_list":["post-570","page","type-page","status-publish","hentry"],"acf":[],"yoast_head":"<!-- This site is optimized with the Yoast SEO plugin v27.2 - https:\/\/yoast.com\/product\/yoast-seo-wordpress\/ -->\n<title>Tietosuojak\u00e4yt\u00e4nt\u00f6 - Nordiska Sk\u00e4rg\u00e5rdssamarbetet<\/title>\n<meta name=\"robots\" content=\"index, follow, max-snippet:-1, max-image-preview:large, max-video-preview:-1\" \/>\n<link rel=\"canonical\" href=\"https:\/\/skargardssamarbetet.org\/fi\/tietosuojakaytanto\/\" \/>\n<meta property=\"og:locale\" content=\"fi_FI\" \/>\n<meta property=\"og:type\" content=\"article\" \/>\n<meta property=\"og:title\" content=\"Tietosuojak\u00e4yt\u00e4nt\u00f6 - Nordiska Sk\u00e4rg\u00e5rdssamarbetet\" \/>\n<meta property=\"og:description\" content=\"Keit\u00e4 Me Olemme Verkkosivustomme osoite on: skargardssamarbetet.org Kommentit Kun vierailijat j\u00e4tt\u00e4v\u00e4t kommentteja verkkosivustolle, ker\u00e4\u00e4mme kommenttilomakkeessa n\u00e4kyv\u00e4t tiedot sek\u00e4 vierailijan IP-osoitteen ja selaimen k\u00e4ytt\u00e4j\u00e4agenttimerkkijonon roskapostin tunnistamista varten. S\u00e4hk\u00f6postiosoitteestasi luotu anonymisoitu merkkijono (ns. hash-arvo) voidaan l\u00e4hett\u00e4\u00e4 Gravatar-palveluun tarkistamaan, oletko siell\u00e4 rekister\u00f6itynyt. Gravatarin tietosuojak\u00e4yt\u00e4nn\u00f6n l\u00f6yd\u00e4t osoitteesta https:\/\/automattic.com\/privacy\/&#013; . Kun kommenttisi on hyv\u00e4ksytty, profiilikuvasi n\u00e4kyy julkisesti yhdess\u00e4 kommenttisi kanssa. [&hellip;]\" \/>\n<meta property=\"og:url\" content=\"https:\/\/skargardssamarbetet.org\/fi\/tietosuojakaytanto\/\" \/>\n<meta property=\"og:site_name\" content=\"Nordiska Sk\u00e4rg\u00e5rdssamarbetet\" \/>\n<meta property=\"article:modified_time\" content=\"2025-12-09T12:28:22+00:00\" \/>\n<meta name=\"twitter:card\" content=\"summary_large_image\" \/>\n<meta name=\"twitter:label1\" content=\"Arvioitu lukuaika\" \/>\n\t<meta name=\"twitter:data1\" content=\"3 minuuttia\" \/>\n<script type=\"application\/ld+json\" class=\"yoast-schema-graph\">{\"@context\":\"https:\/\/schema.org\",\"@graph\":[{\"@type\":\"WebPage\",\"@id\":\"https:\/\/skargardssamarbetet.org\/fi\/tietosuojakaytanto\/\",\"url\":\"https:\/\/skargardssamarbetet.org\/fi\/tietosuojakaytanto\/\",\"name\":\"Tietosuojak\u00e4yt\u00e4nt\u00f6 - Nordiska Sk\u00e4rg\u00e5rdssamarbetet\",\"isPartOf\":{\"@id\":\"https:\/\/skargardssamarbetet.org\/#website\"},\"datePublished\":\"2025-05-07T08:17:23+00:00\",\"dateModified\":\"2025-12-09T12:28:22+00:00\",\"breadcrumb\":{\"@id\":\"https:\/\/skargardssamarbetet.org\/fi\/tietosuojakaytanto\/#breadcrumb\"},\"inLanguage\":\"fi\",\"potentialAction\":[{\"@type\":\"ReadAction\",\"target\":[\"https:\/\/skargardssamarbetet.org\/fi\/tietosuojakaytanto\/\"]}]},{\"@type\":\"BreadcrumbList\",\"@id\":\"https:\/\/skargardssamarbetet.org\/fi\/tietosuojakaytanto\/#breadcrumb\",\"itemListElement\":[{\"@type\":\"ListItem\",\"position\":1,\"name\":\"Hem\",\"item\":\"https:\/\/skargardssamarbetet.org\/fi\/\"},{\"@type\":\"ListItem\",\"position\":2,\"name\":\"Tietosuojak\u00e4yt\u00e4nt\u00f6\"}]},{\"@type\":\"WebSite\",\"@id\":\"https:\/\/skargardssamarbetet.org\/#website\",\"url\":\"https:\/\/skargardssamarbetet.org\/\",\"name\":\"Nordiska Sk\u00e4rg\u00e5rdssamarbetet\",\"description\":\"\",\"potentialAction\":[{\"@type\":\"SearchAction\",\"target\":{\"@type\":\"EntryPoint\",\"urlTemplate\":\"https:\/\/skargardssamarbetet.org\/?s={search_term_string}\"},\"query-input\":{\"@type\":\"PropertyValueSpecification\",\"valueRequired\":true,\"valueName\":\"search_term_string\"}}],\"inLanguage\":\"fi\"}]}<\/script>\n<!-- \/ Yoast SEO plugin. -->","yoast_head_json":{"title":"Tietosuojak\u00e4yt\u00e4nt\u00f6 - Nordiska Sk\u00e4rg\u00e5rdssamarbetet","robots":{"index":"index","follow":"follow","max-snippet":"max-snippet:-1","max-image-preview":"max-image-preview:large","max-video-preview":"max-video-preview:-1"},"canonical":"https:\/\/skargardssamarbetet.org\/fi\/tietosuojakaytanto\/","og_locale":"fi_FI","og_type":"article","og_title":"Tietosuojak\u00e4yt\u00e4nt\u00f6 - Nordiska Sk\u00e4rg\u00e5rdssamarbetet","og_description":"Keit\u00e4 Me Olemme Verkkosivustomme osoite on: skargardssamarbetet.org Kommentit Kun vierailijat j\u00e4tt\u00e4v\u00e4t kommentteja verkkosivustolle, ker\u00e4\u00e4mme kommenttilomakkeessa n\u00e4kyv\u00e4t tiedot sek\u00e4 vierailijan IP-osoitteen ja selaimen k\u00e4ytt\u00e4j\u00e4agenttimerkkijonon roskapostin tunnistamista varten. S\u00e4hk\u00f6postiosoitteestasi luotu anonymisoitu merkkijono (ns. hash-arvo) voidaan l\u00e4hett\u00e4\u00e4 Gravatar-palveluun tarkistamaan, oletko siell\u00e4 rekister\u00f6itynyt. Gravatarin tietosuojak\u00e4yt\u00e4nn\u00f6n l\u00f6yd\u00e4t osoitteesta https:\/\/automattic.com\/privacy\/&#13; . Kun kommenttisi on hyv\u00e4ksytty, profiilikuvasi n\u00e4kyy julkisesti yhdess\u00e4 kommenttisi kanssa. [&hellip;]","og_url":"https:\/\/skargardssamarbetet.org\/fi\/tietosuojakaytanto\/","og_site_name":"Nordiska Sk\u00e4rg\u00e5rdssamarbetet","article_modified_time":"2025-12-09T12:28:22+00:00","twitter_card":"summary_large_image","twitter_misc":{"Arvioitu lukuaika":"3 minuuttia"},"schema":{"@context":"https:\/\/schema.org","@graph":[{"@type":"WebPage","@id":"https:\/\/skargardssamarbetet.org\/fi\/tietosuojakaytanto\/","url":"https:\/\/skargardssamarbetet.org\/fi\/tietosuojakaytanto\/","name":"Tietosuojak\u00e4yt\u00e4nt\u00f6 - Nordiska Sk\u00e4rg\u00e5rdssamarbetet","isPartOf":{"@id":"https:\/\/skargardssamarbetet.org\/#website"},"datePublished":"2025-05-07T08:17:23+00:00","dateModified":"2025-12-09T12:28:22+00:00","breadcrumb":{"@id":"https:\/\/skargardssamarbetet.org\/fi\/tietosuojakaytanto\/#breadcrumb"},"inLanguage":"fi","potentialAction":[{"@type":"ReadAction","target":["https:\/\/skargardssamarbetet.org\/fi\/tietosuojakaytanto\/"]}]},{"@type":"BreadcrumbList","@id":"https:\/\/skargardssamarbetet.org\/fi\/tietosuojakaytanto\/#breadcrumb","itemListElement":[{"@type":"ListItem","position":1,"name":"Hem","item":"https:\/\/skargardssamarbetet.org\/fi\/"},{"@type":"ListItem","position":2,"name":"Tietosuojak\u00e4yt\u00e4nt\u00f6"}]},{"@type":"WebSite","@id":"https:\/\/skargardssamarbetet.org\/#website","url":"https:\/\/skargardssamarbetet.org\/","name":"Nordiska Sk\u00e4rg\u00e5rdssamarbetet","description":"","potentialAction":[{"@type":"SearchAction","target":{"@type":"EntryPoint","urlTemplate":"https:\/\/skargardssamarbetet.org\/?s={search_term_string}"},"query-input":{"@type":"PropertyValueSpecification","valueRequired":true,"valueName":"search_term_string"}}],"inLanguage":"fi"}]}},"_links":{"self":[{"href":"https:\/\/skargardssamarbetet.org\/fi\/wp-json\/wp\/v2\/pages\/570","targetHints":{"allow":["GET"]}}],"collection":[{"href":"https:\/\/skargardssamarbetet.org\/fi\/wp-json\/wp\/v2\/pages"}],"about":[{"href":"https:\/\/skargardssamarbetet.org\/fi\/wp-json\/wp\/v2\/types\/page"}],"author":[{"embeddable":true,"href":"https:\/\/skargardssamarbetet.org\/fi\/wp-json\/wp\/v2\/users\/1"}],"replies":[{"embeddable":true,"href":"https:\/\/skargardssamarbetet.org\/fi\/wp-json\/wp\/v2\/comments?post=570"}],"version-history":[{"count":1,"href":"https:\/\/skargardssamarbetet.org\/fi\/wp-json\/wp\/v2\/pages\/570\/revisions"}],"predecessor-version":[{"id":571,"href":"https:\/\/skargardssamarbetet.org\/fi\/wp-json\/wp\/v2\/pages\/570\/revisions\/571"}],"wp:attachment":[{"href":"https:\/\/skargardssamarbetet.org\/fi\/wp-json\/wp\/v2\/media?parent=570"}],"curies":[{"name":"wp","href":"https:\/\/api.w.org\/{rel}","templated":true}]}}